{"id":448,"date":"2020-02-06T10:46:46","date_gmt":"2020-02-06T10:46:46","guid":{"rendered":"https:\/\/litho.themezaa.com\/?page_id=448"},"modified":"2022-09-20T09:22:38","modified_gmt":"2022-09-20T09:22:38","slug":"nuestro-blog","status":"publish","type":"page","link":"https:\/\/magic.es\/index.php\/nuestro-blog\/","title":{"rendered":"Nuestro blog"},"content":{"rendered":"\t\t<div data-elementor-type=\"wp-page\" data-elementor-id=\"448\" class=\"elementor elementor-448\">\n\t\t\t\t\t\t\t\t\t<section class=\"elementor-section elementor-top-section elementor-element elementor-element-599eb31 elementor-section-full_width elementor-section-height-default elementor-section-height-default\" data-id=\"599eb31\" data-element_type=\"section\" data-settings=\"{&quot;background_background&quot;:&quot;classic&quot;}\">\n\t\t\t\t\t\t<div class=\"elementor-container elementor-column-gap-default\">\n\t\t\t\t\t<div class=\" elementor-column elementor-col-100 elementor-top-column elementor-element elementor-element-987c724\" data-fullscreen-column-settings=\"{&quot;fullscreen&quot;:&quot;&quot;}\" data-id=\"987c724\" data-element_type=\"column\">\n\t\t\t<div class=\"elementor-widget-wrap elementor-element-populated\">\n\t\t\t\t\t\t\t\t<div class=\"elementor-element elementor-element-d1a425e elementor-widget elementor-widget-litho-blog-list\" data-id=\"d1a425e\" data-element_type=\"widget\" data-settings=\"{&quot;litho_blog_style&quot;:&quot;blog-clean&quot;}\" data-widget_type=\"litho-blog-list.default\">\n\t\t\t\t<div class=\"elementor-widget-container\">\n\t\t\t<ul class=\"blog-grid-filter nav nav-tabs\"><li class=\"nav active\">\n\t\t\t\t\t\t\t<a href=\"javascript:void(0);\" data-filter=\"*\">All<\/a>\n\t\t\t\t\t\t<\/li><li class=\"nav \">\n\t\t\t\t\t\t\t<a href=\"javascript:void(0);\" data-filter=\".blog-filter-105\">Categor\u00eda 1<\/a>\n\t\t\t\t\t\t<\/li><li class=\"nav \">\n\t\t\t\t\t\t\t<a href=\"javascript:void(0);\" data-filter=\".blog-filter-106\">Categor\u00eda 2<\/a>\n\t\t\t\t\t\t<\/li><li class=\"nav \">\n\t\t\t\t\t\t\t<a href=\"javascript:void(0);\" data-filter=\".blog-filter-107\">Categor\u00eda 3<\/a>\n\t\t\t\t\t\t<\/li><\/ul>\n\t\t\t\n\t\t\t\t<ul data-uniqueid=\"litho-blog-1\" class=\"grid blog-clean grid-3col xl-grid-3col lg-grid-3col md-grid-2col sm-grid-1col xs-grid-1col  litho-blog-1 litho-grid-no-order blog-grid\" data-blog-settings=\"{&quot;pagination_type&quot;:&quot;&quot;}\">\n\t\t\t\t\t\t\t\t\t\t\t\t\t\t\t\t\t<li class=\"grid-sizer d-none p-0 m-0\"><\/li>\n\t\t\t\t\t\t\t\t\t\t\t\t\t\t\t\t<li class=\"grid-item grid-gutter blog-filter-107 post-76273 post type-post status-publish format-standard has-post-thumbnail hentry category-categoria-3 tag-development tag-events tag-media tag-mountains\">\n\t\t\t\t\t\t\t\t\t\t<div class=\"  blog-post\"><div class=\"blog-post-images\">\n\t\t\t\t\t\t\t\t\t\t\t\t\t<a href=\"https:\/\/magic.es\/index.php\/2022\/09\/16\/post-relacionado-3\/\"><img loading=\"lazy\" decoding=\"async\" width=\"1920\" height=\"750\" src=\"https:\/\/magic.es\/wp-content\/uploads\/2020\/07\/litho-1920x750-ph.jpg\" class=\"attachment-full size-full wp-post-image\" alt=\"\" srcset=\"https:\/\/magic.es\/wp-content\/uploads\/2020\/07\/litho-1920x750-ph.jpg 1920w, https:\/\/magic.es\/wp-content\/uploads\/2020\/07\/litho-1920x750-ph-300x117.jpg 300w, https:\/\/magic.es\/wp-content\/uploads\/2020\/07\/litho-1920x750-ph-600x234.jpg 600w, https:\/\/magic.es\/wp-content\/uploads\/2020\/07\/litho-1920x750-ph-1024x400.jpg 1024w, https:\/\/magic.es\/wp-content\/uploads\/2020\/07\/litho-1920x750-ph-768x300.jpg 768w, https:\/\/magic.es\/wp-content\/uploads\/2020\/07\/litho-1920x750-ph-1536x600.jpg 1536w, https:\/\/magic.es\/wp-content\/uploads\/2020\/07\/litho-1920x750-ph-200x78.jpg 200w, https:\/\/magic.es\/wp-content\/uploads\/2020\/07\/litho-1920x750-ph-1568x613.jpg 1568w\" sizes=\"auto, (max-width: 1920px) 100vw, 1920px\" \/><div class=\"elementor-icon\"><i aria-hidden=\"true\" class=\"fas fa-arrow-right\"><\/i><\/div><\/a><span class=\"blog-category alt-font\"><a rel=\"category tag\" class=\"\" href=\"https:\/\/magic.es\/index.php\/category\/categoria-3\/\">Categor\u00eda 3<\/a><\/span><\/div><div class=\"post-details\"><span class=\"post-date published\">septiembre 16, 2022<\/span>\n\t\t\t\t\t\t\t\t\t\t\t\t\t<time class=\"updated d-none\" datetime=\"2022-09-16T13:27:22+00:00\">septiembre 16, 2022<\/time><a class=\"entry-title\" href=\"https:\/\/magic.es\/index.php\/2022\/09\/16\/post-relacionado-3\/\">Post relacionado 3<\/a><\/div><\/div>\n\t\t\t\t\t\t\t\t\t<\/li><li class=\"grid-item grid-gutter blog-filter-105 post-76256 post type-post status-publish format-standard has-post-thumbnail hentry category-categoria-1 tag-development tag-events tag-media tag-mountains\">\n\t\t\t\t\t\t\t\t\t\t<div class=\"  blog-post\"><div class=\"blog-post-images\">\n\t\t\t\t\t\t\t\t\t\t\t\t\t<a href=\"https:\/\/magic.es\/index.php\/2022\/09\/16\/plantilla-1-2\/\"><img loading=\"lazy\" decoding=\"async\" width=\"1920\" height=\"750\" src=\"https:\/\/magic.es\/wp-content\/uploads\/2020\/07\/litho-1920x750-ph.jpg\" class=\"attachment-full size-full wp-post-image\" alt=\"\" srcset=\"https:\/\/magic.es\/wp-content\/uploads\/2020\/07\/litho-1920x750-ph.jpg 1920w, https:\/\/magic.es\/wp-content\/uploads\/2020\/07\/litho-1920x750-ph-300x117.jpg 300w, https:\/\/magic.es\/wp-content\/uploads\/2020\/07\/litho-1920x750-ph-600x234.jpg 600w, https:\/\/magic.es\/wp-content\/uploads\/2020\/07\/litho-1920x750-ph-1024x400.jpg 1024w, https:\/\/magic.es\/wp-content\/uploads\/2020\/07\/litho-1920x750-ph-768x300.jpg 768w, https:\/\/magic.es\/wp-content\/uploads\/2020\/07\/litho-1920x750-ph-1536x600.jpg 1536w, https:\/\/magic.es\/wp-content\/uploads\/2020\/07\/litho-1920x750-ph-200x78.jpg 200w, https:\/\/magic.es\/wp-content\/uploads\/2020\/07\/litho-1920x750-ph-1568x613.jpg 1568w\" sizes=\"auto, (max-width: 1920px) 100vw, 1920px\" \/><div class=\"elementor-icon\"><i aria-hidden=\"true\" class=\"fas fa-arrow-right\"><\/i><\/div><\/a><span class=\"blog-category alt-font\"><a rel=\"category tag\" class=\"\" href=\"https:\/\/magic.es\/index.php\/category\/categoria-1\/\">Categor\u00eda 1<\/a><\/span><\/div><div class=\"post-details\"><span class=\"post-date published\">septiembre 16, 2022<\/span>\n\t\t\t\t\t\t\t\t\t\t\t\t\t<time class=\"updated d-none\" datetime=\"2022-09-16T13:28:39+00:00\">septiembre 16, 2022<\/time><a class=\"entry-title\" href=\"https:\/\/magic.es\/index.php\/2022\/09\/16\/plantilla-1-2\/\">Plantilla 1<\/a><\/div><\/div>\n\t\t\t\t\t\t\t\t\t<\/li><li class=\"grid-item grid-gutter blog-filter-106 post-76253 post type-post status-publish format-standard has-post-thumbnail hentry category-categoria-2 tag-development tag-events tag-media tag-mountains\">\n\t\t\t\t\t\t\t\t\t\t<div class=\"  blog-post\"><div class=\"blog-post-images\">\n\t\t\t\t\t\t\t\t\t\t\t\t\t<a href=\"https:\/\/magic.es\/index.php\/2022\/09\/16\/plantilla-2\/\"><img loading=\"lazy\" decoding=\"async\" width=\"1920\" height=\"750\" src=\"https:\/\/magic.es\/wp-content\/uploads\/2020\/07\/litho-1920x750-ph.jpg\" class=\"attachment-full size-full wp-post-image\" alt=\"\" srcset=\"https:\/\/magic.es\/wp-content\/uploads\/2020\/07\/litho-1920x750-ph.jpg 1920w, https:\/\/magic.es\/wp-content\/uploads\/2020\/07\/litho-1920x750-ph-300x117.jpg 300w, https:\/\/magic.es\/wp-content\/uploads\/2020\/07\/litho-1920x750-ph-600x234.jpg 600w, https:\/\/magic.es\/wp-content\/uploads\/2020\/07\/litho-1920x750-ph-1024x400.jpg 1024w, https:\/\/magic.es\/wp-content\/uploads\/2020\/07\/litho-1920x750-ph-768x300.jpg 768w, https:\/\/magic.es\/wp-content\/uploads\/2020\/07\/litho-1920x750-ph-1536x600.jpg 1536w, https:\/\/magic.es\/wp-content\/uploads\/2020\/07\/litho-1920x750-ph-200x78.jpg 200w, https:\/\/magic.es\/wp-content\/uploads\/2020\/07\/litho-1920x750-ph-1568x613.jpg 1568w\" sizes=\"auto, (max-width: 1920px) 100vw, 1920px\" \/><div class=\"elementor-icon\"><i aria-hidden=\"true\" class=\"fas fa-arrow-right\"><\/i><\/div><\/a><span class=\"blog-category alt-font\"><a rel=\"category tag\" class=\"\" href=\"https:\/\/magic.es\/index.php\/category\/categoria-2\/\">Categor\u00eda 2<\/a><\/span><\/div><div class=\"post-details\"><span class=\"post-date published\">septiembre 16, 2022<\/span>\n\t\t\t\t\t\t\t\t\t\t\t\t\t<time class=\"updated d-none\" datetime=\"2022-09-16T13:29:58+00:00\">septiembre 16, 2022<\/time><a class=\"entry-title\" href=\"https:\/\/magic.es\/index.php\/2022\/09\/16\/plantilla-2\/\">Plantilla 2<\/a><\/div><\/div>\n\t\t\t\t\t\t\t\t\t<\/li><li class=\"grid-item grid-gutter blog-filter-107 post-10897 post type-post status-publish format-standard has-post-thumbnail hentry category-categoria-3 tag-development tag-events tag-media tag-mountains\">\n\t\t\t\t\t\t\t\t\t\t<div class=\"  blog-post\"><div class=\"blog-post-images\">\n\t\t\t\t\t\t\t\t\t\t\t\t\t<a href=\"https:\/\/magic.es\/index.php\/2020\/07\/21\/plantilla-3\/\"><img loading=\"lazy\" decoding=\"async\" width=\"1920\" height=\"750\" src=\"https:\/\/magic.es\/wp-content\/uploads\/2020\/07\/litho-1920x750-ph.jpg\" class=\"attachment-full size-full wp-post-image\" alt=\"\" srcset=\"https:\/\/magic.es\/wp-content\/uploads\/2020\/07\/litho-1920x750-ph.jpg 1920w, https:\/\/magic.es\/wp-content\/uploads\/2020\/07\/litho-1920x750-ph-300x117.jpg 300w, https:\/\/magic.es\/wp-content\/uploads\/2020\/07\/litho-1920x750-ph-600x234.jpg 600w, https:\/\/magic.es\/wp-content\/uploads\/2020\/07\/litho-1920x750-ph-1024x400.jpg 1024w, https:\/\/magic.es\/wp-content\/uploads\/2020\/07\/litho-1920x750-ph-768x300.jpg 768w, https:\/\/magic.es\/wp-content\/uploads\/2020\/07\/litho-1920x750-ph-1536x600.jpg 1536w, https:\/\/magic.es\/wp-content\/uploads\/2020\/07\/litho-1920x750-ph-200x78.jpg 200w, https:\/\/magic.es\/wp-content\/uploads\/2020\/07\/litho-1920x750-ph-1568x613.jpg 1568w\" sizes=\"auto, (max-width: 1920px) 100vw, 1920px\" \/><div class=\"elementor-icon\"><i aria-hidden=\"true\" class=\"fas fa-arrow-right\"><\/i><\/div><\/a><span class=\"blog-category alt-font\"><a rel=\"category tag\" class=\"\" href=\"https:\/\/magic.es\/index.php\/category\/categoria-3\/\">Categor\u00eda 3<\/a><\/span><\/div><div class=\"post-details\"><span class=\"post-date published\">julio 21, 2020<\/span>\n\t\t\t\t\t\t\t\t\t\t\t\t\t<time class=\"updated d-none\" datetime=\"2022-09-16T13:30:58+00:00\">septiembre 16, 2022<\/time><a class=\"entry-title\" href=\"https:\/\/magic.es\/index.php\/2020\/07\/21\/plantilla-3\/\">Plantilla 3<\/a><\/div><\/div>\n\t\t\t\t\t\t\t\t\t<\/li><\/ul>\t\t<\/div>\n\t\t\t\t<\/div>\n\t\t\t\t\t<\/div>\n\t\t<\/div>\n\t\t\t\t\t\t\t<\/div>\n\t\t<\/section>\n\t\t\t\t<section class=\"elementor-section elementor-top-section elementor-element elementor-element-13a6582 elementor-section-content-middle elementor-hidden-tablet elementor-hidden-mobile elementor-section-boxed elementor-section-height-default elementor-section-height-default\" data-id=\"13a6582\" data-element_type=\"section\" data-settings=\"{&quot;background_background&quot;:&quot;classic&quot;}\">\n\t\t\t\t\t\t<div class=\"elementor-container elementor-column-gap-default\">\n\t\t\t\t\t<div class=\" elementor-column elementor-col-33 elementor-top-column elementor-element elementor-element-18b79d1 elementor-invisible\" data-fullscreen-column-settings=\"{&quot;fullscreen&quot;:&quot;&quot;}\" data-id=\"18b79d1\" data-element_type=\"column\" data-settings=\"{&quot;animation&quot;:&quot;fadeInLeft&quot;,&quot;animation_delay&quot;:600}\">\n\t\t\t<div class=\"elementor-widget-wrap elementor-element-populated\">\n\t\t\t\t\t\t\t\t<div class=\"elementor-element elementor-element-6001e0d elementor-widget__width-initial elementor-widget-tablet__width-inherit elementor-widget elementor-widget-litho-heading\" data-id=\"6001e0d\" data-element_type=\"widget\" data-widget_type=\"litho-heading.default\">\n\t\t\t\t<div class=\"elementor-widget-container\">\n\t\t\t<span class=\"litho-heading elementor-size-default\"><span class=\"litho-primary-title\">magic<\/span><\/span>\t\t<\/div>\n\t\t\t\t<\/div>\n\t\t\t\t\t<\/div>\n\t\t<\/div>\n\t\t\t\t<div class=\" elementor-column elementor-col-33 elementor-top-column elementor-element elementor-element-605fd23 elementor-invisible\" data-fullscreen-column-settings=\"{&quot;fullscreen&quot;:&quot;&quot;}\" data-id=\"605fd23\" data-element_type=\"column\" data-settings=\"{&quot;animation&quot;:&quot;fadeIn&quot;,&quot;animation_delay&quot;:200}\">\n\t\t\t<div class=\"elementor-widget-wrap elementor-element-populated\">\n\t\t\t\t\t\t\t\t<div class=\"elementor-element elementor-element-bc52cf7 elementor-widget elementor-widget-litho-heading\" data-id=\"bc52cf7\" data-element_type=\"widget\" data-widget_type=\"litho-heading.default\">\n\t\t\t\t<div class=\"elementor-widget-container\">\n\t\t\t<h4 class=\"litho-heading elementor-size-default\"><span class=\"litho-primary-title\">Desde 1977 cuidando de ti.<\/span><\/h4>\t\t<\/div>\n\t\t\t\t<\/div>\n\t\t\t\t\t<\/div>\n\t\t<\/div>\n\t\t\t\t<div class=\" elementor-column elementor-col-33 elementor-top-column elementor-element elementor-element-9ce5dc8 elementor-invisible\" data-fullscreen-column-settings=\"{&quot;fullscreen&quot;:&quot;&quot;}\" data-id=\"9ce5dc8\" data-element_type=\"column\" data-settings=\"{&quot;animation&quot;:&quot;fadeIn&quot;,&quot;animation_delay&quot;:400}\">\n\t\t\t<div class=\"elementor-widget-wrap elementor-element-populated\">\n\t\t\t\t\t\t\t\t<div class=\"elementor-element elementor-element-a0b94b0 elementor-align-center elementor-widget elementor-widget-litho-button\" data-id=\"a0b94b0\" data-element_type=\"widget\" data-widget_type=\"litho-button.default\">\n\t\t\t\t<div class=\"elementor-widget-container\">\n\t\t\t\t\t\t\t<div class=\"elementor-button-wrapper litho-button-wrapper\">\n\t\t\t\t\t<a class=\"elementor-button-link elementor-button elementor-size-md hvr-float-3px \" href=\"https:\/\/magic.es\/index.php\/contacto\/\" role=\"button\">\n\t\t\t\t\t\t\t\t\t<span class=\"elementor-button-content-wrapper\">\n\t\t\t\t\t\t\t\t\t\t\t\t\t<span class=\"elementor-button-text\">EMPIEZA TU PROJECTO<\/span>\n\t\t\t\t\t\t\t<\/span>\n\t\t\t\t\t\t\t\t<\/a>\n\t\t\t\t<\/div>\n\t\t\t\t\t<\/div>\n\t\t\t\t<\/div>\n\t\t\t\t\t<\/div>\n\t\t<\/div>\n\t\t\t\t\t\t\t<\/div>\n\t\t<\/section>\n\t\t\t\t\t\t\t<\/div>\n\t\t","protected":false},"excerpt":{"rendered":"<p>All Categor\u00eda 1 Categor\u00eda 2 Categor\u00eda 3 Categor\u00eda 3septiembre 16, 2022 septiembre 16, 2022Post relacionado 3 Categor\u00eda 1septiembre 16, 2022 septiembre 16, 2022Plantilla 1 Categor\u00eda 2septiembre 16, 2022 septiembre 16, 2022Plantilla 2 Categor\u00eda 3julio 21, 2020 septiembre 16, 2022Plantilla 3 magic Desde 1977 cuidando de ti. EMPIEZA TU PROJECTO<\/p>\n","protected":false},"author":1,"featured_media":0,"parent":0,"menu_order":30,"comment_status":"closed","ping_status":"closed","template":"","meta":{"_mi_skip_tracking":false,"_monsterinsights_sitenote_active":false,"_monsterinsights_sitenote_note":"","_monsterinsights_sitenote_category":0,"footnotes":""},"class_list":["post-448","page","type-page","status-publish","hentry"],"yoast_head":"<!-- This site is optimized with the Yoast SEO plugin v21.3 - https:\/\/yoast.com\/wordpress\/plugins\/seo\/ -->\n<title>Magic | Contigo desde 1977<\/title>\n<meta name=\"robots\" content=\"noindex, follow, max-snippet:-1, max-image-preview:large, max-video-preview:-1\" \/>\n<meta property=\"og:locale\" content=\"es_ES\" \/>\n<meta property=\"og:type\" content=\"article\" \/>\n<meta property=\"og:title\" content=\"Magic | Contigo desde 1977\" \/>\n<meta property=\"og:description\" content=\"All Categor\u00eda 1 Categor\u00eda 2 Categor\u00eda 3 Categor\u00eda 3septiembre 16, 2022 septiembre 16, 2022Post relacionado 3 Categor\u00eda 1septiembre 16, 2022 septiembre 16, 2022Plantilla 1 Categor\u00eda 2septiembre 16, 2022 septiembre 16, 2022Plantilla 2 Categor\u00eda 3julio 21, 2020 septiembre 16, 2022Plantilla 3 magic Desde 1977 cuidando de ti. EMPIEZA TU PROJECTO\" \/>\n<meta property=\"og:url\" content=\"https:\/\/magic.es\/index.php\/nuestro-blog\/\" \/>\n<meta property=\"og:site_name\" content=\"Magic\" \/>\n<meta property=\"article:modified_time\" content=\"2022-09-20T09:22:38+00:00\" \/>\n<meta property=\"og:image\" content=\"https:\/\/magic.es\/wp-content\/uploads\/2020\/07\/litho-1920x750-ph.jpg\" \/>\n<meta name=\"twitter:card\" content=\"summary_large_image\" \/>\n<meta name=\"twitter:label1\" content=\"Tiempo de lectura\" \/>\n\t<meta name=\"twitter:data1\" content=\"1 minuto\" \/>\n<script type=\"application\/ld+json\" class=\"yoast-schema-graph\">{\"@context\":\"https:\/\/schema.org\",\"@graph\":[{\"@type\":\"WebPage\",\"@id\":\"https:\/\/magic.es\/index.php\/nuestro-blog\/\",\"url\":\"https:\/\/magic.es\/index.php\/nuestro-blog\/\",\"name\":\"Magic | Contigo desde 1977\",\"isPartOf\":{\"@id\":\"https:\/\/magic.es\/#website\"},\"datePublished\":\"2020-02-06T10:46:46+00:00\",\"dateModified\":\"2022-09-20T09:22:38+00:00\",\"breadcrumb\":{\"@id\":\"https:\/\/magic.es\/index.php\/nuestro-blog\/#breadcrumb\"},\"inLanguage\":\"es\",\"potentialAction\":[{\"@type\":\"ReadAction\",\"target\":[\"https:\/\/magic.es\/index.php\/nuestro-blog\/\"]}]},{\"@type\":\"BreadcrumbList\",\"@id\":\"https:\/\/magic.es\/index.php\/nuestro-blog\/#breadcrumb\",\"itemListElement\":[{\"@type\":\"ListItem\",\"position\":1,\"name\":\"Inicio\",\"item\":\"https:\/\/magic.es\/\"},{\"@type\":\"ListItem\",\"position\":2,\"name\":\"Nuestro blog\"}]},{\"@type\":\"WebSite\",\"@id\":\"https:\/\/magic.es\/#website\",\"url\":\"https:\/\/magic.es\/\",\"name\":\"Magic\",\"description\":\"Contigo desde 1977\",\"publisher\":{\"@id\":\"https:\/\/magic.es\/#organization\"},\"potentialAction\":[{\"@type\":\"SearchAction\",\"target\":{\"@type\":\"EntryPoint\",\"urlTemplate\":\"https:\/\/magic.es\/?s={search_term_string}\"},\"query-input\":\"required name=search_term_string\"}],\"inLanguage\":\"es\"},{\"@type\":\"Organization\",\"@id\":\"https:\/\/magic.es\/#organization\",\"name\":\"Magic Boats S.L.\",\"url\":\"https:\/\/magic.es\/\",\"logo\":{\"@type\":\"ImageObject\",\"inLanguage\":\"es\",\"@id\":\"https:\/\/magic.es\/#\/schema\/logo\/image\/\",\"url\":\"https:\/\/magic.es\/wp-content\/uploads\/2021\/01\/LogoMagicCuadrado_Negro.webp\",\"contentUrl\":\"https:\/\/magic.es\/wp-content\/uploads\/2021\/01\/LogoMagicCuadrado_Negro.webp\",\"width\":80,\"height\":75,\"caption\":\"Magic Boats S.L.\"},\"image\":{\"@id\":\"https:\/\/magic.es\/#\/schema\/logo\/image\/\"}}]}<\/script>\n<!-- \/ Yoast SEO plugin. -->","yoast_head_json":{"title":"Magic | Contigo desde 1977","robots":{"index":"noindex","follow":"follow","max-snippet":"max-snippet:-1","max-image-preview":"max-image-preview:large","max-video-preview":"max-video-preview:-1"},"og_locale":"es_ES","og_type":"article","og_title":"Magic | Contigo desde 1977","og_description":"All Categor\u00eda 1 Categor\u00eda 2 Categor\u00eda 3 Categor\u00eda 3septiembre 16, 2022 septiembre 16, 2022Post relacionado 3 Categor\u00eda 1septiembre 16, 2022 septiembre 16, 2022Plantilla 1 Categor\u00eda 2septiembre 16, 2022 septiembre 16, 2022Plantilla 2 Categor\u00eda 3julio 21, 2020 septiembre 16, 2022Plantilla 3 magic Desde 1977 cuidando de ti. EMPIEZA TU PROJECTO","og_url":"https:\/\/magic.es\/index.php\/nuestro-blog\/","og_site_name":"Magic","article_modified_time":"2022-09-20T09:22:38+00:00","og_image":[{"url":"https:\/\/magic.es\/wp-content\/uploads\/2020\/07\/litho-1920x750-ph.jpg"}],"twitter_card":"summary_large_image","twitter_misc":{"Tiempo de lectura":"1 minuto"},"schema":{"@context":"https:\/\/schema.org","@graph":[{"@type":"WebPage","@id":"https:\/\/magic.es\/index.php\/nuestro-blog\/","url":"https:\/\/magic.es\/index.php\/nuestro-blog\/","name":"Magic | Contigo desde 1977","isPartOf":{"@id":"https:\/\/magic.es\/#website"},"datePublished":"2020-02-06T10:46:46+00:00","dateModified":"2022-09-20T09:22:38+00:00","breadcrumb":{"@id":"https:\/\/magic.es\/index.php\/nuestro-blog\/#breadcrumb"},"inLanguage":"es","potentialAction":[{"@type":"ReadAction","target":["https:\/\/magic.es\/index.php\/nuestro-blog\/"]}]},{"@type":"BreadcrumbList","@id":"https:\/\/magic.es\/index.php\/nuestro-blog\/#breadcrumb","itemListElement":[{"@type":"ListItem","position":1,"name":"Inicio","item":"https:\/\/magic.es\/"},{"@type":"ListItem","position":2,"name":"Nuestro blog"}]},{"@type":"WebSite","@id":"https:\/\/magic.es\/#website","url":"https:\/\/magic.es\/","name":"Magic","description":"Contigo desde 1977","publisher":{"@id":"https:\/\/magic.es\/#organization"},"potentialAction":[{"@type":"SearchAction","target":{"@type":"EntryPoint","urlTemplate":"https:\/\/magic.es\/?s={search_term_string}"},"query-input":"required name=search_term_string"}],"inLanguage":"es"},{"@type":"Organization","@id":"https:\/\/magic.es\/#organization","name":"Magic Boats S.L.","url":"https:\/\/magic.es\/","logo":{"@type":"ImageObject","inLanguage":"es","@id":"https:\/\/magic.es\/#\/schema\/logo\/image\/","url":"https:\/\/magic.es\/wp-content\/uploads\/2021\/01\/LogoMagicCuadrado_Negro.webp","contentUrl":"https:\/\/magic.es\/wp-content\/uploads\/2021\/01\/LogoMagicCuadrado_Negro.webp","width":80,"height":75,"caption":"Magic Boats S.L."},"image":{"@id":"https:\/\/magic.es\/#\/schema\/logo\/image\/"}}]}},"_links":{"self":[{"href":"https:\/\/magic.es\/index.php\/wp-json\/wp\/v2\/pages\/448","targetHints":{"allow":["GET"]}}],"collection":[{"href":"https:\/\/magic.es\/index.php\/wp-json\/wp\/v2\/pages"}],"about":[{"href":"https:\/\/magic.es\/index.php\/wp-json\/wp\/v2\/types\/page"}],"author":[{"embeddable":true,"href":"https:\/\/magic.es\/index.php\/wp-json\/wp\/v2\/users\/1"}],"replies":[{"embeddable":true,"href":"https:\/\/magic.es\/index.php\/wp-json\/wp\/v2\/comments?post=448"}],"version-history":[{"count":43,"href":"https:\/\/magic.es\/index.php\/wp-json\/wp\/v2\/pages\/448\/revisions"}],"predecessor-version":[{"id":76685,"href":"https:\/\/magic.es\/index.php\/wp-json\/wp\/v2\/pages\/448\/revisions\/76685"}],"wp:attachment":[{"href":"https:\/\/magic.es\/index.php\/wp-json\/wp\/v2\/media?parent=448"}],"curies":[{"name":"wp","href":"https:\/\/api.w.org\/{rel}","templated":true}]}}