{"id":75989,"date":"2022-08-04T06:11:16","date_gmt":"2022-08-04T06:11:16","guid":{"rendered":"https:\/\/dev.magic.es\/?page_id=75989"},"modified":"2022-09-20T09:32:17","modified_gmt":"2022-09-20T09:32:17","slug":"contacto","status":"publish","type":"page","link":"https:\/\/magic.es\/index.php\/contacto\/","title":{"rendered":"Contacto"},"content":{"rendered":"\t\t<div data-elementor-type=\"wp-page\" data-elementor-id=\"75989\" class=\"elementor elementor-75989\">\n\t\t\t\t\t\t\t\t\t<section class=\"elementor-section elementor-top-section elementor-element elementor-element-ae61fa7 elementor-section-boxed elementor-section-height-default elementor-section-height-default\" data-id=\"ae61fa7\" data-element_type=\"section\" data-settings=\"{&quot;background_background&quot;:&quot;classic&quot;}\">\n\t\t\t\t\t\t<div class=\"elementor-container elementor-column-gap-default\">\n\t\t\t\t\t<div class=\" elementor-column elementor-col-100 elementor-top-column elementor-element elementor-element-397cb75\" data-fullscreen-column-settings=\"{&quot;fullscreen&quot;:&quot;&quot;}\" data-id=\"397cb75\" data-element_type=\"column\">\n\t\t\t<div class=\"elementor-widget-wrap\">\n\t\t\t\t\t\t\t\t\t<\/div>\n\t\t<\/div>\n\t\t\t\t\t\t\t<\/div>\n\t\t<\/section>\n\t\t\t\t<section class=\"elementor-section elementor-top-section elementor-element elementor-element-3bc16e9 elementor-section-boxed elementor-section-height-default elementor-section-height-default\" data-id=\"3bc16e9\" data-element_type=\"section\">\n\t\t\t\t\t\t<div class=\"elementor-container elementor-column-gap-default\">\n\t\t\t\t\t<div class=\" elementor-column elementor-col-33 elementor-top-column elementor-element elementor-element-8b7ebe6\" data-fullscreen-column-settings=\"{&quot;fullscreen&quot;:&quot;&quot;}\" data-id=\"8b7ebe6\" data-element_type=\"column\">\n\t\t\t<div class=\"elementor-widget-wrap elementor-element-populated\">\n\t\t\t\t\t\t\t\t<div class=\"elementor-element elementor-element-fcc5cc9 elementor-widget__width-initial elementor-widget-tablet__width-initial elementor-widget-mobile__width-initial elementor-view-default elementor-position-top elementor-vertical-align-top elementor-widget elementor-widget-litho-icon-box\" data-id=\"fcc5cc9\" data-element_type=\"widget\" data-widget_type=\"litho-icon-box.default\">\n\t\t\t\t<div class=\"elementor-widget-container\">\n\t\t\t\t\t\t<div class=\"elementor-icon-box-wrapper litho-icon-box-wrapper\">\n\t\t\t\t\t\t\t\t<div class=\"elementor-icon-box-icon\">\t\t\t\t\t<span class=\"elementor-icon elementor-animation-\" >\n\t\t\t\t\t\t<i aria-hidden=\"true\" class=\"fas fa-map-marker-alt\"><\/i>\t\t\t\t\t<\/span>\n\t\t\t\t<\/div>\n\t\t\t\t\t\t\t\t<div class=\"elementor-icon-box-content\">\n\t\t\t\t\t\t\t\t\t\t\t<span class=\"elementor-icon-box-title\"><span >MAGIC S.L.<\/span>\n\t\t\t\t\t\t<\/span>\n\t\t\t\t\t\t\t\t\t\t<p class=\"elementor-icon-box-description\">C\/ VALENCIA N\u00ba6 \u2013 POL\u00cdGONO SON BUGADELLAS SANTA PONSA \u2013 07180 CALVI\u00c1\nMALLORCA (ISLAS BALEARES)<\/p>\n\t\t\t\t\t\t\t\t\t\t\t\t\t\t<\/div>\n\t\t\t<\/div>\n\t\t\t\t<\/div>\n\t\t\t\t<\/div>\n\t\t\t\t\t<\/div>\n\t\t<\/div>\n\t\t\t\t<div class=\" elementor-column elementor-col-33 elementor-top-column elementor-element elementor-element-a89a2bb\" data-fullscreen-column-settings=\"{&quot;fullscreen&quot;:&quot;&quot;}\" data-id=\"a89a2bb\" data-element_type=\"column\">\n\t\t\t<div class=\"elementor-widget-wrap elementor-element-populated\">\n\t\t\t\t\t\t\t\t<div class=\"elementor-element elementor-element-4c05e63 elementor-widget__width-initial elementor-widget-tablet__width-inherit elementor-view-default elementor-position-top elementor-vertical-align-top elementor-widget elementor-widget-litho-icon-box\" data-id=\"4c05e63\" data-element_type=\"widget\" data-widget_type=\"litho-icon-box.default\">\n\t\t\t\t<div class=\"elementor-widget-container\">\n\t\t\t\t\t\t<div class=\"elementor-icon-box-wrapper litho-icon-box-wrapper\">\n\t\t\t\t\t\t\t\t<div class=\"elementor-icon-box-icon\">\t\t\t\t\t<span class=\"elementor-icon elementor-animation-\" >\n\t\t\t\t\t\t<i aria-hidden=\"true\" class=\" icon-simple-line-earphones-alt\"><\/i>\t\t\t\t\t<\/span>\n\t\t\t\t<\/div>\n\t\t\t\t\t\t\t\t<div class=\"elementor-icon-box-content\">\n\t\t\t\t\t\t\t\t\t\t\t<span class=\"elementor-icon-box-title\"><span >CONTACTO<\/span>\n\t\t\t\t\t\t<\/span>\n\t\t\t\t\t\t\t\t\t\t<p class=\"elementor-icon-box-description\">Tel\u00e9fono: +34 971 697 942 <br> Fax: +34 971 699 578<\/p>\n\t\t\t\t\t\t\t\t\t\t\t\t\t\t<\/div>\n\t\t\t<\/div>\n\t\t\t\t<\/div>\n\t\t\t\t<\/div>\n\t\t\t\t\t<\/div>\n\t\t<\/div>\n\t\t\t\t<div class=\" elementor-column elementor-col-33 elementor-top-column elementor-element elementor-element-f55efe2\" data-fullscreen-column-settings=\"{&quot;fullscreen&quot;:&quot;&quot;}\" data-id=\"f55efe2\" data-element_type=\"column\">\n\t\t\t<div class=\"elementor-widget-wrap elementor-element-populated\">\n\t\t\t\t\t\t\t\t<div class=\"elementor-element elementor-element-13d3d15 elementor-widget__width-initial elementor-widget-tablet__width-inherit elementor-view-default elementor-position-top elementor-vertical-align-top elementor-widget elementor-widget-litho-icon-box\" data-id=\"13d3d15\" data-element_type=\"widget\" data-widget_type=\"litho-icon-box.default\">\n\t\t\t\t<div class=\"elementor-widget-container\">\n\t\t\t\t\t\t<div class=\"elementor-icon-box-wrapper litho-icon-box-wrapper\">\n\t\t\t\t\t\t\t\t<div class=\"elementor-icon-box-icon\">\t\t\t\t\t<span class=\"elementor-icon elementor-animation-\" >\n\t\t\t\t\t\t<i aria-hidden=\"true\" class=\"ti ti-email\"><\/i>\t\t\t\t\t<\/span>\n\t\t\t\t<\/div>\n\t\t\t\t\t\t\t\t<div class=\"elementor-icon-box-content\">\n\t\t\t\t\t\t\t\t\t\t\t<span class=\"elementor-icon-box-title\"><span >CORREO ELECTR\u00d3NICO<\/span>\n\t\t\t\t\t\t<\/span>\n\t\t\t\t\t\t\t\t\t\t<p class=\"elementor-icon-box-description\"><a href=\"mailto:magic@magic.es\" class=\"text-sky-blue-hover\">magic@magic.es<\/a><\/p>\n\t\t\t\t\t\t\t\t\t\t\t\t\t\t<\/div>\n\t\t\t<\/div>\n\t\t\t\t<\/div>\n\t\t\t\t<\/div>\n\t\t\t\t\t<\/div>\n\t\t<\/div>\n\t\t\t\t\t\t\t<\/div>\n\t\t<\/section>\n\t\t\t\t<section class=\"elementor-section elementor-top-section elementor-element elementor-element-601a98e elementor-section-height-min-height elementor-section-items-top elementor-section-full_width elementor-section-height-default\" data-id=\"601a98e\" data-element_type=\"section\" data-settings=\"{&quot;background_background&quot;:&quot;classic&quot;}\">\n\t\t\t\t\t\t\t<div class=\"elementor-background-overlay\"><\/div>\n\t\t\t\t\t\t\t<div class=\"elementor-container elementor-column-gap-default\">\n\t\t\t\t\t<div class=\" elementor-column elementor-col-100 elementor-top-column elementor-element elementor-element-6138214\" data-fullscreen-column-settings=\"{&quot;fullscreen&quot;:&quot;&quot;}\" data-id=\"6138214\" data-element_type=\"column\">\n\t\t\t<div class=\"elementor-widget-wrap elementor-element-populated\">\n\t\t\t\t\t\t\t\t<div class=\"elementor-element elementor-element-d93afec elementor-widget elementor-widget-google_maps\" data-id=\"d93afec\" data-element_type=\"widget\" data-widget_type=\"google_maps.default\">\n\t\t\t\t<div class=\"elementor-widget-container\">\n\t\t\t<style>\/*! elementor - v3.16.0 - 09-10-2023 *\/\n.elementor-widget-google_maps .elementor-widget-container{overflow:hidden}.elementor-widget-google_maps .elementor-custom-embed{line-height:0}.elementor-widget-google_maps iframe{height:300px}<\/style>\t\t<div class=\"elementor-custom-embed\">\n\t\t\t<iframe loading=\"lazy\"\n\t\t\t\t\tsrc=\"https:\/\/maps.google.com\/maps?q=Carrer%20de%20Val%C3%A8ncia%2C%206%2C%2007180%20Galatzo%2C%20Illes%20Balears&#038;t=m&#038;z=18&#038;output=embed&#038;iwloc=near\"\n\t\t\t\t\ttitle=\"Carrer de Val\u00e8ncia, 6, 07180 Galatzo, Illes Balears\"\n\t\t\t\t\taria-label=\"Carrer de Val\u00e8ncia, 6, 07180 Galatzo, Illes Balears\"\n\t\t\t><\/iframe>\n\t\t<\/div>\n\t\t\t\t<\/div>\n\t\t\t\t<\/div>\n\t\t\t\t\t<\/div>\n\t\t<\/div>\n\t\t\t\t\t\t\t<\/div>\n\t\t<\/section>\n\t\t\t\t<section class=\"elementor-section elementor-top-section elementor-element elementor-element-daa1cb4 elementor-section-boxed elementor-section-height-default elementor-section-height-default\" data-id=\"daa1cb4\" data-element_type=\"section\" data-settings=\"{&quot;background_background&quot;:&quot;classic&quot;}\">\n\t\t\t\t\t\t<div class=\"elementor-container elementor-column-gap-default\">\n\t\t\t\t\t<div class=\" elementor-column elementor-col-100 elementor-top-column elementor-element elementor-element-669c2ba\" data-fullscreen-column-settings=\"{&quot;fullscreen&quot;:&quot;&quot;}\" data-id=\"669c2ba\" data-element_type=\"column\">\n\t\t\t<div class=\"elementor-widget-wrap elementor-element-populated\">\n\t\t\t\t\t\t\t\t<section class=\"elementor-section elementor-inner-section elementor-element elementor-element-52c0b1d elementor-section-boxed elementor-section-height-default elementor-section-height-default elementor-invisible\" data-id=\"52c0b1d\" data-element_type=\"section\" data-settings=\"{&quot;background_background&quot;:&quot;classic&quot;,&quot;animation&quot;:&quot;fadeIn&quot;,&quot;animation_delay&quot;:400}\">\n\t\t\t\t\t\t<div class=\"elementor-container elementor-column-gap-default\">\n\t\t\t\t\t<div class=\" elementor-column elementor-col-100 elementor-inner-column elementor-element elementor-element-7c32729\" data-fullscreen-column-settings=\"{&quot;fullscreen&quot;:&quot;&quot;}\" data-id=\"7c32729\" data-element_type=\"column\">\n\t\t\t<div class=\"elementor-widget-wrap elementor-element-populated\">\n\t\t\t\t\t\t\t\t<div class=\"elementor-element elementor-element-8e372d4 elementor-widget elementor-widget-litho-heading\" data-id=\"8e372d4\" data-element_type=\"widget\" data-widget_type=\"litho-heading.default\">\n\t\t\t\t<div class=\"elementor-widget-container\">\n\t\t\t<span class=\"litho-heading elementor-size-default\"><span class=\"litho-primary-title\">CONTACTA CON NOSOTROS<\/span><\/span>\t\t<\/div>\n\t\t\t\t<\/div>\n\t\t\t\t<div class=\"elementor-element elementor-element-8aecb4f elementor-widget elementor-widget-litho-heading\" data-id=\"8aecb4f\" data-element_type=\"widget\" data-widget_type=\"litho-heading.default\">\n\t\t\t\t<div class=\"elementor-widget-container\">\n\t\t\t<h4 class=\"litho-heading elementor-size-default\"><span class=\"litho-primary-title\">Estaremos encantados de asesorarte en lo que necesites<\/span><\/h4>\t\t<\/div>\n\t\t\t\t<\/div>\n\t\t\t\t<div class=\"elementor-element elementor-element-e43999c elementor-widget elementor-widget-litho-contact-form\" data-id=\"e43999c\" data-element_type=\"widget\" data-widget_type=\"litho-contact-form.default\">\n\t\t\t\t<div class=\"elementor-widget-container\">\n\t\t\t\t\t\t\t<div class=\"contact-form-wrapper\">\n\t\t\t\t\t\n<div class=\"wpcf7 no-js\" id=\"wpcf7-f69271-o1\" lang=\"en-US\" dir=\"ltr\">\n<div class=\"screen-reader-response\"><p role=\"status\" aria-live=\"polite\" aria-atomic=\"true\"><\/p> <ul><\/ul><\/div>\n<form action=\"\/index.php\/wp-json\/wp\/v2\/pages\/75989#wpcf7-f69271-o1\" method=\"post\" class=\"wpcf7-form init\" aria-label=\"Contact form\" novalidate=\"novalidate\" data-status=\"init\">\n<div style=\"display: none;\">\n<input type=\"hidden\" name=\"_wpcf7\" value=\"69271\" \/>\n<input type=\"hidden\" name=\"_wpcf7_version\" value=\"5.8.1\" \/>\n<input type=\"hidden\" name=\"_wpcf7_locale\" value=\"en_US\" \/>\n<input type=\"hidden\" name=\"_wpcf7_unit_tag\" value=\"wpcf7-f69271-o1\" \/>\n<input type=\"hidden\" name=\"_wpcf7_container_post\" value=\"0\" \/>\n<input type=\"hidden\" name=\"_wpcf7_posted_data_hash\" value=\"\" \/>\n<input type=\"hidden\" name=\"_wpcf7_recaptcha_response\" value=\"\" \/>\n<\/div>\n<div class=\"row row-cols-1 row-cols-md-2\">\n\t<div class=\"col\">\n\t\t<p><span class=\"wpcf7-form-control-wrap\" data-name=\"your-name\"><input size=\"40\" class=\"wpcf7-form-control wpcf7-text wpcf7-validates-as-required\" aria-required=\"true\" aria-invalid=\"false\" placeholder=\"Nombre*\" value=\"\" type=\"text\" name=\"your-name\" \/><\/span><span class=\"wpcf7-form-control-wrap\" data-name=\"your-email-address\"><input size=\"40\" class=\"wpcf7-form-control wpcf7-email wpcf7-validates-as-required wpcf7-text wpcf7-validates-as-email\" aria-required=\"true\" aria-invalid=\"false\" placeholder=\"Email*\" value=\"\" type=\"email\" name=\"your-email-address\" \/><\/span><span class=\"wpcf7-form-control-wrap\" data-name=\"your-mobile\"><input size=\"40\" class=\"wpcf7-form-control wpcf7-text\" aria-invalid=\"false\" placeholder=\"Tel\u00e9fono\" value=\"\" type=\"text\" name=\"your-mobile\" \/><\/span>\n\t\t<\/p>\n\t<\/div>\n\t<div class=\"col\">\n\t\t<p><span class=\"wpcf7-form-control-wrap\" data-name=\"your-message\"><textarea cols=\"40\" rows=\"10\" class=\"wpcf7-form-control wpcf7-textarea\" aria-invalid=\"false\" placeholder=\"Your message\" name=\"your-message\"><\/textarea><\/span>\n\t\t<\/p>\n\t<\/div>\n\t<div class=\"col\">\n\t\t<p><span class=\"contact-form-text\"><span class=\"wpcf7-form-control-wrap\" data-name=\"your-consent\"><span class=\"wpcf7-form-control wpcf7-acceptance\"><span class=\"wpcf7-list-item\"><label><input type=\"checkbox\" name=\"your-consent\" value=\"1\" aria-invalid=\"false\" \/><span class=\"wpcf7-list-item-label\">I accept the terms & conditions and I understand that my data will be hold securely in accordance with the <a href=\"\/privacy-policy\/\">privacy policy<\/a>.<\/span><\/label><\/span><\/span><\/span><\/span>\n\t\t<\/p>\n\t<\/div>\n\t<div class=\"col litho-button-wrapper contact-simple\">\n\t\t<p><input class=\"wpcf7-form-control wpcf7-submit has-spinner elementor-button\" type=\"submit\" value=\"Enviar\" \/>\n\t\t<\/p>\n\t<\/div>\n<\/div><div class=\"wpcf7-response-output\" aria-hidden=\"true\"><\/div>\n<\/form>\n<\/div>\n\t\t\t\t<\/div>\n\t\t\t\t\t<\/div>\n\t\t\t\t<\/div>\n\t\t\t\t\t<\/div>\n\t\t<\/div>\n\t\t\t\t\t\t\t<\/div>\n\t\t<\/section>\n\t\t\t\t\t<\/div>\n\t\t<\/div>\n\t\t\t\t\t\t\t<\/div>\n\t\t<\/section>\n\t\t\t\t<section class=\"elementor-section elementor-top-section elementor-element elementor-element-4a2694a elementor-section-content-middle elementor-hidden-tablet elementor-hidden-mobile elementor-section-boxed elementor-section-height-default elementor-section-height-default\" data-id=\"4a2694a\" data-element_type=\"section\" data-settings=\"{&quot;background_background&quot;:&quot;classic&quot;}\">\n\t\t\t\t\t\t<div class=\"elementor-container elementor-column-gap-default\">\n\t\t\t\t\t<div class=\" elementor-column elementor-col-33 elementor-top-column elementor-element elementor-element-ef1c8ac elementor-invisible\" data-fullscreen-column-settings=\"{&quot;fullscreen&quot;:&quot;&quot;}\" data-id=\"ef1c8ac\" data-element_type=\"column\" data-settings=\"{&quot;animation&quot;:&quot;fadeInLeft&quot;,&quot;animation_delay&quot;:600}\">\n\t\t\t<div class=\"elementor-widget-wrap elementor-element-populated\">\n\t\t\t\t\t\t\t\t<div class=\"elementor-element elementor-element-6722bd8 elementor-widget__width-initial elementor-widget-tablet__width-inherit elementor-widget elementor-widget-litho-heading\" data-id=\"6722bd8\" data-element_type=\"widget\" data-widget_type=\"litho-heading.default\">\n\t\t\t\t<div class=\"elementor-widget-container\">\n\t\t\t<span class=\"litho-heading elementor-size-default\"><span class=\"litho-primary-title\">magic<\/span><\/span>\t\t<\/div>\n\t\t\t\t<\/div>\n\t\t\t\t\t<\/div>\n\t\t<\/div>\n\t\t\t\t<div class=\" elementor-column elementor-col-33 elementor-top-column elementor-element elementor-element-43afc99 elementor-invisible\" data-fullscreen-column-settings=\"{&quot;fullscreen&quot;:&quot;&quot;}\" data-id=\"43afc99\" data-element_type=\"column\" data-settings=\"{&quot;animation&quot;:&quot;fadeIn&quot;,&quot;animation_delay&quot;:200}\">\n\t\t\t<div class=\"elementor-widget-wrap elementor-element-populated\">\n\t\t\t\t\t\t\t\t<div class=\"elementor-element elementor-element-f81b05b elementor-widget elementor-widget-litho-heading\" data-id=\"f81b05b\" data-element_type=\"widget\" data-widget_type=\"litho-heading.default\">\n\t\t\t\t<div class=\"elementor-widget-container\">\n\t\t\t<h4 class=\"litho-heading elementor-size-default\"><span class=\"litho-primary-title\">Desde 1977 cuidando de ti.<\/span><\/h4>\t\t<\/div>\n\t\t\t\t<\/div>\n\t\t\t\t\t<\/div>\n\t\t<\/div>\n\t\t\t\t<div class=\" elementor-column elementor-col-33 elementor-top-column elementor-element elementor-element-de79dac elementor-invisible\" data-fullscreen-column-settings=\"{&quot;fullscreen&quot;:&quot;&quot;}\" data-id=\"de79dac\" data-element_type=\"column\" data-settings=\"{&quot;animation&quot;:&quot;fadeIn&quot;,&quot;animation_delay&quot;:400}\">\n\t\t\t<div class=\"elementor-widget-wrap elementor-element-populated\">\n\t\t\t\t\t\t\t\t<div class=\"elementor-element elementor-element-47e102c elementor-align-center elementor-widget elementor-widget-litho-button\" data-id=\"47e102c\" data-element_type=\"widget\" data-widget_type=\"litho-button.default\">\n\t\t\t\t<div class=\"elementor-widget-container\">\n\t\t\t\t\t\t\t<div class=\"elementor-button-wrapper litho-button-wrapper\">\n\t\t\t\t\t<a class=\"elementor-button-link elementor-button elementor-size-md hvr-float-3px \" href=\"https:\/\/magic.es\/index.php\/contacto\/\" role=\"button\">\n\t\t\t\t\t\t\t\t\t<span class=\"elementor-button-content-wrapper\">\n\t\t\t\t\t\t\t\t\t\t\t\t\t<span class=\"elementor-button-text\">EMPIEZA TU PROJECTO<\/span>\n\t\t\t\t\t\t\t<\/span>\n\t\t\t\t\t\t\t\t<\/a>\n\t\t\t\t<\/div>\n\t\t\t\t\t<\/div>\n\t\t\t\t<\/div>\n\t\t\t\t\t<\/div>\n\t\t<\/div>\n\t\t\t\t\t\t\t<\/div>\n\t\t<\/section>\n\t\t\t\t\t\t\t<\/div>\n\t\t","protected":false},"excerpt":{"rendered":"<p>MAGIC S.L. C\/ VALENCIA N\u00ba6 \u2013 POL\u00cdGONO SON BUGADELLAS SANTA PONSA \u2013 07180 CALVI\u00c1 MALLORCA (ISLAS BALEARES) CONTACTO Tel\u00e9fono: +34 971 697 942 Fax: +34 971 699 578 CORREO ELECTR\u00d3NICO magic@magic.es CONTACTA CON NOSOTROS Estaremos encantados de asesorarte en lo que necesites I accept the terms &#038; conditions and I understand that my data will [&hellip;]<\/p>\n","protected":false},"author":1,"featured_media":0,"parent":0,"menu_order":93,"comment_status":"closed","ping_status":"closed","template":"","meta":{"_mi_skip_tracking":false,"_monsterinsights_sitenote_active":false,"_monsterinsights_sitenote_note":"","_monsterinsights_sitenote_category":0,"footnotes":""},"class_list":["post-75989","page","type-page","status-publish","hentry"],"yoast_head":"<!-- This site is optimized with the Yoast SEO plugin v21.3 - https:\/\/yoast.com\/wordpress\/plugins\/seo\/ -->\n<title>Magic | Contigo desde 1977<\/title>\n<meta name=\"robots\" content=\"noindex, follow, max-snippet:-1, max-image-preview:large, max-video-preview:-1\" \/>\n<meta property=\"og:locale\" content=\"es_ES\" \/>\n<meta property=\"og:type\" content=\"article\" \/>\n<meta property=\"og:title\" content=\"Magic | Contigo desde 1977\" \/>\n<meta property=\"og:description\" content=\"MAGIC S.L. C\/ VALENCIA N\u00ba6 \u2013 POL\u00cdGONO SON BUGADELLAS SANTA PONSA \u2013 07180 CALVI\u00c1 MALLORCA (ISLAS BALEARES) CONTACTO Tel\u00e9fono: +34 971 697 942 Fax: +34 971 699 578 CORREO ELECTR\u00d3NICO magic@magic.es CONTACTA CON NOSOTROS Estaremos encantados de asesorarte en lo que necesites I accept the terms &#038; conditions and I understand that my data will [&hellip;]\" \/>\n<meta property=\"og:url\" content=\"https:\/\/magic.es\/index.php\/contacto\/\" \/>\n<meta property=\"og:site_name\" content=\"Magic\" \/>\n<meta property=\"article:modified_time\" content=\"2022-09-20T09:32:17+00:00\" \/>\n<meta name=\"twitter:card\" content=\"summary_large_image\" \/>\n<meta name=\"twitter:label1\" content=\"Tiempo de lectura\" \/>\n\t<meta name=\"twitter:data1\" content=\"1 minuto\" \/>\n<script type=\"application\/ld+json\" class=\"yoast-schema-graph\">{\"@context\":\"https:\/\/schema.org\",\"@graph\":[{\"@type\":\"WebPage\",\"@id\":\"https:\/\/magic.es\/index.php\/contacto\/\",\"url\":\"https:\/\/magic.es\/index.php\/contacto\/\",\"name\":\"Magic | Contigo desde 1977\",\"isPartOf\":{\"@id\":\"https:\/\/magic.es\/#website\"},\"datePublished\":\"2022-08-04T06:11:16+00:00\",\"dateModified\":\"2022-09-20T09:32:17+00:00\",\"breadcrumb\":{\"@id\":\"https:\/\/magic.es\/index.php\/contacto\/#breadcrumb\"},\"inLanguage\":\"es\",\"potentialAction\":[{\"@type\":\"ReadAction\",\"target\":[\"https:\/\/magic.es\/index.php\/contacto\/\"]}]},{\"@type\":\"BreadcrumbList\",\"@id\":\"https:\/\/magic.es\/index.php\/contacto\/#breadcrumb\",\"itemListElement\":[{\"@type\":\"ListItem\",\"position\":1,\"name\":\"Inicio\",\"item\":\"https:\/\/magic.es\/\"},{\"@type\":\"ListItem\",\"position\":2,\"name\":\"Contacto\"}]},{\"@type\":\"WebSite\",\"@id\":\"https:\/\/magic.es\/#website\",\"url\":\"https:\/\/magic.es\/\",\"name\":\"Magic\",\"description\":\"Contigo desde 1977\",\"publisher\":{\"@id\":\"https:\/\/magic.es\/#organization\"},\"potentialAction\":[{\"@type\":\"SearchAction\",\"target\":{\"@type\":\"EntryPoint\",\"urlTemplate\":\"https:\/\/magic.es\/?s={search_term_string}\"},\"query-input\":\"required name=search_term_string\"}],\"inLanguage\":\"es\"},{\"@type\":\"Organization\",\"@id\":\"https:\/\/magic.es\/#organization\",\"name\":\"Magic Boats S.L.\",\"url\":\"https:\/\/magic.es\/\",\"logo\":{\"@type\":\"ImageObject\",\"inLanguage\":\"es\",\"@id\":\"https:\/\/magic.es\/#\/schema\/logo\/image\/\",\"url\":\"https:\/\/magic.es\/wp-content\/uploads\/2021\/01\/LogoMagicCuadrado_Negro.webp\",\"contentUrl\":\"https:\/\/magic.es\/wp-content\/uploads\/2021\/01\/LogoMagicCuadrado_Negro.webp\",\"width\":80,\"height\":75,\"caption\":\"Magic Boats S.L.\"},\"image\":{\"@id\":\"https:\/\/magic.es\/#\/schema\/logo\/image\/\"}}]}<\/script>\n<!-- \/ Yoast SEO plugin. -->","yoast_head_json":{"title":"Magic | Contigo desde 1977","robots":{"index":"noindex","follow":"follow","max-snippet":"max-snippet:-1","max-image-preview":"max-image-preview:large","max-video-preview":"max-video-preview:-1"},"og_locale":"es_ES","og_type":"article","og_title":"Magic | Contigo desde 1977","og_description":"MAGIC S.L. C\/ VALENCIA N\u00ba6 \u2013 POL\u00cdGONO SON BUGADELLAS SANTA PONSA \u2013 07180 CALVI\u00c1 MALLORCA (ISLAS BALEARES) CONTACTO Tel\u00e9fono: +34 971 697 942 Fax: +34 971 699 578 CORREO ELECTR\u00d3NICO magic@magic.es CONTACTA CON NOSOTROS Estaremos encantados de asesorarte en lo que necesites I accept the terms &#038; conditions and I understand that my data will [&hellip;]","og_url":"https:\/\/magic.es\/index.php\/contacto\/","og_site_name":"Magic","article_modified_time":"2022-09-20T09:32:17+00:00","twitter_card":"summary_large_image","twitter_misc":{"Tiempo de lectura":"1 minuto"},"schema":{"@context":"https:\/\/schema.org","@graph":[{"@type":"WebPage","@id":"https:\/\/magic.es\/index.php\/contacto\/","url":"https:\/\/magic.es\/index.php\/contacto\/","name":"Magic | Contigo desde 1977","isPartOf":{"@id":"https:\/\/magic.es\/#website"},"datePublished":"2022-08-04T06:11:16+00:00","dateModified":"2022-09-20T09:32:17+00:00","breadcrumb":{"@id":"https:\/\/magic.es\/index.php\/contacto\/#breadcrumb"},"inLanguage":"es","potentialAction":[{"@type":"ReadAction","target":["https:\/\/magic.es\/index.php\/contacto\/"]}]},{"@type":"BreadcrumbList","@id":"https:\/\/magic.es\/index.php\/contacto\/#breadcrumb","itemListElement":[{"@type":"ListItem","position":1,"name":"Inicio","item":"https:\/\/magic.es\/"},{"@type":"ListItem","position":2,"name":"Contacto"}]},{"@type":"WebSite","@id":"https:\/\/magic.es\/#website","url":"https:\/\/magic.es\/","name":"Magic","description":"Contigo desde 1977","publisher":{"@id":"https:\/\/magic.es\/#organization"},"potentialAction":[{"@type":"SearchAction","target":{"@type":"EntryPoint","urlTemplate":"https:\/\/magic.es\/?s={search_term_string}"},"query-input":"required name=search_term_string"}],"inLanguage":"es"},{"@type":"Organization","@id":"https:\/\/magic.es\/#organization","name":"Magic Boats S.L.","url":"https:\/\/magic.es\/","logo":{"@type":"ImageObject","inLanguage":"es","@id":"https:\/\/magic.es\/#\/schema\/logo\/image\/","url":"https:\/\/magic.es\/wp-content\/uploads\/2021\/01\/LogoMagicCuadrado_Negro.webp","contentUrl":"https:\/\/magic.es\/wp-content\/uploads\/2021\/01\/LogoMagicCuadrado_Negro.webp","width":80,"height":75,"caption":"Magic Boats S.L."},"image":{"@id":"https:\/\/magic.es\/#\/schema\/logo\/image\/"}}]}},"_links":{"self":[{"href":"https:\/\/magic.es\/index.php\/wp-json\/wp\/v2\/pages\/75989","targetHints":{"allow":["GET"]}}],"collection":[{"href":"https:\/\/magic.es\/index.php\/wp-json\/wp\/v2\/pages"}],"about":[{"href":"https:\/\/magic.es\/index.php\/wp-json\/wp\/v2\/types\/page"}],"author":[{"embeddable":true,"href":"https:\/\/magic.es\/index.php\/wp-json\/wp\/v2\/users\/1"}],"replies":[{"embeddable":true,"href":"https:\/\/magic.es\/index.php\/wp-json\/wp\/v2\/comments?post=75989"}],"version-history":[{"count":54,"href":"https:\/\/magic.es\/index.php\/wp-json\/wp\/v2\/pages\/75989\/revisions"}],"predecessor-version":[{"id":77113,"href":"https:\/\/magic.es\/index.php\/wp-json\/wp\/v2\/pages\/75989\/revisions\/77113"}],"wp:attachment":[{"href":"https:\/\/magic.es\/index.php\/wp-json\/wp\/v2\/media?parent=75989"}],"curies":[{"name":"wp","href":"https:\/\/api.w.org\/{rel}","templated":true}]}}