{"id":76063,"date":"2022-08-09T13:39:21","date_gmt":"2022-08-09T13:39:21","guid":{"rendered":"https:\/\/dev.magic.es\/?page_id=76063"},"modified":"2022-09-16T09:44:52","modified_gmt":"2022-09-16T09:44:52","slug":"aviso-legal","status":"publish","type":"page","link":"https:\/\/magic.es\/index.php\/aviso-legal\/","title":{"rendered":"Aviso Legal"},"content":{"rendered":"\t\t<div data-elementor-type=\"wp-page\" data-elementor-id=\"76063\" class=\"elementor elementor-76063\">\n\t\t\t\t\t\t\t\t\t<section class=\"elementor-section elementor-top-section elementor-element elementor-element-ae61fa7 elementor-section-boxed elementor-section-height-default elementor-section-height-default\" data-id=\"ae61fa7\" data-element_type=\"section\" data-settings=\"{&quot;background_background&quot;:&quot;classic&quot;}\">\n\t\t\t\t\t\t<div class=\"elementor-container elementor-column-gap-default\">\n\t\t\t\t\t<div class=\" elementor-column elementor-col-100 elementor-top-column elementor-element elementor-element-397cb75\" data-fullscreen-column-settings=\"{&quot;fullscreen&quot;:&quot;&quot;}\" data-id=\"397cb75\" data-element_type=\"column\">\n\t\t\t<div class=\"elementor-widget-wrap\">\n\t\t\t\t\t\t\t\t\t<\/div>\n\t\t<\/div>\n\t\t\t\t\t\t\t<\/div>\n\t\t<\/section>\n\t\t\t\t<section class=\"elementor-section elementor-top-section elementor-element elementor-element-23c08fa elementor-section-boxed elementor-section-height-default elementor-section-height-default\" data-id=\"23c08fa\" data-element_type=\"section\">\n\t\t\t\t\t\t<div class=\"elementor-container elementor-column-gap-default\">\n\t\t\t\t\t<div class=\" elementor-column elementor-col-100 elementor-top-column elementor-element elementor-element-9c15129\" data-fullscreen-column-settings=\"{&quot;fullscreen&quot;:&quot;&quot;}\" data-id=\"9c15129\" data-element_type=\"column\">\n\t\t\t<div class=\"elementor-widget-wrap elementor-element-populated\">\n\t\t\t\t\t\t\t\t<div class=\"elementor-element elementor-element-502a2dd elementor-widget elementor-widget-text-editor\" data-id=\"502a2dd\" data-element_type=\"widget\" data-widget_type=\"text-editor.default\">\n\t\t\t\t<div class=\"elementor-widget-container\">\n\t\t\t<style>\/*! elementor - v3.16.0 - 09-10-2023 *\/\n.elementor-widget-text-editor.elementor-drop-cap-view-stacked .elementor-drop-cap{background-color:#69727d;color:#fff}.elementor-widget-text-editor.elementor-drop-cap-view-framed .elementor-drop-cap{color:#69727d;border:3px solid;background-color:transparent}.elementor-widget-text-editor:not(.elementor-drop-cap-view-default) .elementor-drop-cap{margin-top:8px}.elementor-widget-text-editor:not(.elementor-drop-cap-view-default) .elementor-drop-cap-letter{width:1em;height:1em}.elementor-widget-text-editor .elementor-drop-cap{float:left;text-align:center;line-height:1;font-size:50px}.elementor-widget-text-editor .elementor-drop-cap-letter{display:inline-block}<\/style>\t\t\t\t<div class=\"row justify-content-center\"><div class=\"col-12 text-center margin-6-rem-bottom sm-margin-3-half-rem-bottom\"><h4>\u00a0<\/h4><h4>\u00a0<\/h4><h4 class=\"alt-font font-weight-600 text-extra-dark-gray letter-spacing-minus-1px\">Aviso Legal<\/h4><\/div><\/div><p>\u00a0<\/p><p>\u00a0<\/p><div class=\"row\"><div class=\"col-12 md-margin-30px-bottom sm-margin-50px-bottom wow animate__fadeIn\" data-wow-delay=\"0.2s\"><span class=\"alt-font font-weight-500 text-extra-dark-gray d-block margin-25px-bottom lg-w-95 sm-w-100 sm-margin-15px-bottom\">1. Identificaci\u00f3n y contacto del propietario de la web.<\/span><p class=\"lg-w-95 sm-margin-15px-bottom margin-20px-bottom\">www.magic.es, es propiedad de Magic Boats S.L. con domicilio en C\/ Valencia N\u00ba6 \u2013 Pol\u00edgono Son Bugadellas \u2013 Santa Ponsa<br \/>07180 Calvi\u00e1 \u2013 Mallorca (Islas Baleares), con tel\u00e9fono (+34) 971 697942 y correo electr\u00f3nico magic@magic.es<\/p><\/div><\/div><div class=\"row\"><div class=\"col-12 md-margin-30px-bottom sm-margin-50px-bottom wow animate__fadeIn\" data-wow-delay=\"0.2s\"><span class=\"alt-font font-weight-500 text-extra-dark-gray d-block margin-25px-bottom lg-w-95 sm-w-100 sm-margin-15px-bottom\">2. \u00c1mbito de aplicaci\u00f3n.<\/span><p class=\"lg-w-95 sm-margin-15px-bottom margin-20px-bottom\">La navegaci\u00f3n por el sitio web del Titular implica asumir la condici\u00f3n de usuario y la aceptaci\u00f3n absoluta de lo manifestado en este Aviso Legal.<\/p><\/div><\/div><div class=\"row\"><div class=\"col-12 md-margin-30px-bottom sm-margin-50px-bottom wow animate__fadeIn\" data-wow-delay=\"0.2s\"><span class=\"alt-font font-weight-500 text-extra-dark-gray d-block margin-25px-bottom lg-w-95 sm-w-100 sm-margin-15px-bottom\">3. Edad.<\/span><p class=\"lg-w-95 sm-margin-15px-bottom margin-20px-bottom\">En nuestra web no tratamos datos de menores de catorce a\u00f1os.<\/p><\/div><\/div><div class=\"row\"><div class=\"col-12 md-margin-30px-bottom sm-margin-50px-bottom wow animate__fadeIn\" data-wow-delay=\"0.2s\"><span class=\"alt-font font-weight-500 text-extra-dark-gray d-block margin-25px-bottom lg-w-95 sm-w-100 sm-margin-15px-bottom\">4. Propiedad intelectual o industrial.<\/span><p class=\"lg-w-95 sm-margin-15px-bottom margin-20px-bottom\">Los contenidos de la Web, por ejemplo textos, im\u00e1genes, gr\u00e1ficos o c\u00f3digo fuente, est\u00e1n protegidos por derechos de propiedad intelectual e industrial.<br \/><br \/>Tales contenidos no podr\u00e1n ser, por ejemplo, reproducidos o transformados sin el permiso previo y expl\u00edcito del Titular. Los usuarios pueden acceder a los contenidos y realizar copias privadas autorizadas siempre que los elementos reproducidos no sean cedidos posteriormente a terceros, ni se instalen en servidores en red, ni sean objeto de ning\u00fan tipo de explotaci\u00f3n.<\/p><\/div><\/div><div class=\"row\"><div class=\"col-12 md-margin-30px-bottom sm-margin-50px-bottom wow animate__fadeIn\" data-wow-delay=\"0.2s\"><span class=\"alt-font font-weight-500 text-extra-dark-gray d-block margin-25px-bottom lg-w-95 sm-w-100 sm-margin-15px-bottom\">5. Normas comunes de uso de la web.<\/span><p class=\"lg-w-95 sm-margin-15px-bottom margin-20px-bottom\">El usuario se compromete a hacer un uso de la Web de acuerdo a las siguientes normas:<\/p><ul><li class=\"lg-w-95 sm-margin-15px-bottom margin-20px-bottom\">No publicar\u00e1 comunicaciones comerciales a trav\u00e9s del sitio web.<\/li><li class=\"lg-w-95 sm-margin-15px-bottom margin-20px-bottom\">No recopilar\u00e1 contenido o informaci\u00f3n de otros usuarios.<\/li><li class=\"lg-w-95 sm-margin-15px-bottom margin-20px-bottom\">No cargar\u00e1 virus ni c\u00f3digo malintencionado de ning\u00fan tipo.<\/li><li class=\"lg-w-95 sm-margin-15px-bottom margin-20px-bottom\">No solicitar\u00e1 informaci\u00f3n de inicio de sesi\u00f3n ni acceder\u00e1 a una cuenta perteneciente a otro usuario.<\/li><li class=\"lg-w-95 sm-margin-15px-bottom margin-20px-bottom\">No realizar\u00e1 actos il\u00edcitos, enga\u00f1osos, malintencionados o discriminatorios en el sitio web, de acuerdo a estas condiciones y al ordenamiento jur\u00eddico espa\u00f1ol.<\/li><li class=\"lg-w-95 sm-margin-15px-bottom margin-20px-bottom\">En general, no realizar\u00e1 actos que supongan da\u00f1os o lesiones de los derechos de terceros.<br \/><br \/>El Titular podr\u00e1 eliminar cualquier contenido o suspender el servicio si, seg\u00fan su propio criterio, incumple cualquiera de las normas y obligaciones descritas en este Aviso Legal.<br \/><br \/>Para cualquier consulta o aclaraci\u00f3n sobre estas normas puede contactarnos v\u00eda email.<\/li><\/ul><\/div><\/div><div class=\"row\"><div class=\"col-12 md-margin-30px-bottom sm-margin-50px-bottom wow animate__fadeIn\" data-wow-delay=\"0.2s\"><span class=\"alt-font font-weight-500 text-extra-dark-gray d-block margin-25px-bottom lg-w-95 sm-w-100 sm-margin-15px-bottom\">6. Enlaces y limitaci\u00f3n de responsabilidad.<\/span><p class=\"lg-w-95 sm-margin-15px-bottom margin-20px-bottom\">El establecimiento de un hiperenlace no implica en ning\u00fan caso la existencia de relaciones entre el Titular y el propietario del sitio web en la que se establezca, ni la aceptaci\u00f3n y aprobaci\u00f3n por parte del Titular de sus contenidos o servicios. Aquellas personas que se propongan establecer un hiperenlace, previamente deber\u00e1n solicitar autorizaci\u00f3n por escrito al Titular. En todo caso, el hiperenlace \u00fanicamente permitir\u00e1 el acceso a la p\u00e1gina de inicio de nuestro sitio web. Asimismo, deber\u00e1 abstenerse de realizar manifestaciones o indicaciones falsas, inexactas o incorrectas sobre el Titular, o incluir contenidos il\u00edcitos, contrarios a las buenas costumbres y al orden p\u00fablico.<br \/><br \/>El Titular no se responsabiliza del uso que cada usuario le d\u00e9 a los materiales puestos a disposici\u00f3n en este sitio web ni de las actuaciones que realice en base a los mismos. El contenido de la Web es de car\u00e1cter general y meramente informativo.<br \/><br \/>El Titular no asumir\u00e1 responsabilidad por el contenido o funcionamiento de webs de terceros a los que el usuario del sitio Web pueda acceder mediante cualquier tipo de enlace.<br \/><br \/>El Titular declina cualquier responsabilidad, hasta donde permita el ordenamiento jur\u00eddico, por los da\u00f1os y perjuicios derivados de la presencia de virus, de las actuaciones de terceros que vulneren derechos de propiedad, al honor, a la intimidad o sobre publicidad il\u00edcita.<br \/><br \/>Si alg\u00fan usuario o tercero considera que en la Web se est\u00e1 cometiendo alg\u00fan il\u00edcito de cualquier tipo, debe remitir una comunicaci\u00f3n al Titular a la direcci\u00f3n de email que aparece en nuestros datos identificativos. Deber\u00e1 identificarse debidamente, especificando los hechos que denuncia.<\/p><\/div><\/div><div class=\"row\"><div class=\"col-12 md-margin-30px-bottom sm-margin-50px-bottom wow animate__fadeIn\" data-wow-delay=\"0.2s\"><span class=\"alt-font font-weight-500 text-extra-dark-gray d-block margin-25px-bottom lg-w-95 sm-w-100 sm-margin-15px-bottom\">7. Privacidad.<\/span><p class=\"lg-w-95 sm-margin-15px-bottom margin-20px-bottom\">Si en la Web se recabaran datos personales, el Titular ser\u00e1 responsable de los mismos y los tratar\u00e1 con absoluta confidencialidad y seguridad. Podr\u00e1 encontrar m\u00e1s informaci\u00f3n en nuestra pol\u00edtica de privacidad y cookies.<\/p><\/div><\/div><div class=\"row\"><div class=\"col-12 md-margin-30px-bottom sm-margin-50px-bottom wow animate__fadeIn\" data-wow-delay=\"0.2s\"><span class=\"alt-font font-weight-500 text-extra-dark-gray d-block margin-25px-bottom lg-w-95 sm-w-100 sm-margin-15px-bottom\">8. Modificaciones<\/span><p class=\"lg-w-95 sm-margin-15px-bottom margin-20px-bottom\">El Titular se reserva el derecho a realizar las modificaciones que considere oportunas, sin aviso previo, en el contenido de su sitio web. Tanto en lo referente a los contenidos del sitio web, como en las condiciones de uso del mismo, o en las condiciones generales de contrataci\u00f3n. Dichas modificaciones podr\u00e1n realizarse a trav\u00e9s de su sitio web por cualquier forma admisible en derecho y ser\u00e1n de obligado cumplimiento durante el tiempo en que se encuentren publicadas en el web y hasta que no sean modificadas v\u00e1lidamente por otras posteriores.<\/p><\/div><\/div><div class=\"row\"><div class=\"col-12 md-margin-30px-bottom sm-margin-50px-bottom wow animate__fadeIn\" data-wow-delay=\"0.2s\"><span class=\"alt-font font-weight-500 text-extra-dark-gray d-block margin-25px-bottom lg-w-95 sm-w-100 sm-margin-15px-bottom\">9. Legislaci\u00f3n aplicable, soluci\u00f3n de cuestiones controvertidas y foro competente.<\/span><p class=\"lg-w-95 sm-margin-15px-bottom margin-20px-bottom\">El uso de la Web se regir\u00e1 por la legislaci\u00f3n espa\u00f1ola. Cualquier controversia que surja o guarde relaci\u00f3n con el uso de la Web, ser\u00e1 sometido a la jurisdicci\u00f3n no exclusiva de los Juzgados y Tribunales del municipio donde radica el domicilio social del Titular.<\/p><\/div><\/div>\t\t\t\t\t\t<\/div>\n\t\t\t\t<\/div>\n\t\t\t\t\t<\/div>\n\t\t<\/div>\n\t\t\t\t\t\t\t<\/div>\n\t\t<\/section>\n\t\t\t\t<section class=\"elementor-section elementor-top-section elementor-element elementor-element-4a2694a elementor-section-content-middle elementor-hidden-tablet elementor-hidden-mobile elementor-section-boxed elementor-section-height-default elementor-section-height-default\" data-id=\"4a2694a\" data-element_type=\"section\" data-settings=\"{&quot;background_background&quot;:&quot;classic&quot;}\">\n\t\t\t\t\t\t<div class=\"elementor-container elementor-column-gap-default\">\n\t\t\t\t\t<div class=\" elementor-column elementor-col-33 elementor-top-column elementor-element elementor-element-ef1c8ac elementor-invisible\" data-fullscreen-column-settings=\"{&quot;fullscreen&quot;:&quot;&quot;}\" data-id=\"ef1c8ac\" data-element_type=\"column\" data-settings=\"{&quot;animation&quot;:&quot;fadeInLeft&quot;,&quot;animation_delay&quot;:600}\">\n\t\t\t<div class=\"elementor-widget-wrap elementor-element-populated\">\n\t\t\t\t\t\t\t\t<div class=\"elementor-element elementor-element-6722bd8 elementor-widget__width-initial elementor-widget-tablet__width-inherit elementor-widget elementor-widget-litho-heading\" data-id=\"6722bd8\" data-element_type=\"widget\" data-widget_type=\"litho-heading.default\">\n\t\t\t\t<div class=\"elementor-widget-container\">\n\t\t\t<span class=\"litho-heading elementor-size-default\"><span class=\"litho-primary-title\">magic<\/span><\/span>\t\t<\/div>\n\t\t\t\t<\/div>\n\t\t\t\t\t<\/div>\n\t\t<\/div>\n\t\t\t\t<div class=\" elementor-column elementor-col-33 elementor-top-column elementor-element elementor-element-43afc99 elementor-invisible\" data-fullscreen-column-settings=\"{&quot;fullscreen&quot;:&quot;&quot;}\" data-id=\"43afc99\" data-element_type=\"column\" data-settings=\"{&quot;animation&quot;:&quot;fadeIn&quot;,&quot;animation_delay&quot;:200}\">\n\t\t\t<div class=\"elementor-widget-wrap elementor-element-populated\">\n\t\t\t\t\t\t\t\t<div class=\"elementor-element elementor-element-f81b05b elementor-widget elementor-widget-litho-heading\" data-id=\"f81b05b\" data-element_type=\"widget\" data-widget_type=\"litho-heading.default\">\n\t\t\t\t<div class=\"elementor-widget-container\">\n\t\t\t<h4 class=\"litho-heading elementor-size-default\"><span class=\"litho-primary-title\">Desde 1977 cuidando de ti.<\/span><\/h4>\t\t<\/div>\n\t\t\t\t<\/div>\n\t\t\t\t\t<\/div>\n\t\t<\/div>\n\t\t\t\t<div class=\" elementor-column elementor-col-33 elementor-top-column elementor-element elementor-element-de79dac elementor-invisible\" data-fullscreen-column-settings=\"{&quot;fullscreen&quot;:&quot;&quot;}\" data-id=\"de79dac\" data-element_type=\"column\" data-settings=\"{&quot;animation&quot;:&quot;fadeIn&quot;,&quot;animation_delay&quot;:400}\">\n\t\t\t<div class=\"elementor-widget-wrap elementor-element-populated\">\n\t\t\t\t\t\t\t\t<div class=\"elementor-element elementor-element-47e102c elementor-align-center elementor-widget elementor-widget-litho-button\" data-id=\"47e102c\" data-element_type=\"widget\" data-widget_type=\"litho-button.default\">\n\t\t\t\t<div class=\"elementor-widget-container\">\n\t\t\t\t\t\t\t<div class=\"elementor-button-wrapper litho-button-wrapper\">\n\t\t\t\t\t<a class=\"elementor-button-link elementor-button elementor-size-md hvr-float-3px \" href=\"https:\/\/magic.es\/index.php\/contacto\/\" role=\"button\">\n\t\t\t\t\t\t\t\t\t<span class=\"elementor-button-content-wrapper\">\n\t\t\t\t\t\t\t\t\t\t\t\t\t<span class=\"elementor-button-text\">EMPIEZA TU PROJECTO<\/span>\n\t\t\t\t\t\t\t<\/span>\n\t\t\t\t\t\t\t\t<\/a>\n\t\t\t\t<\/div>\n\t\t\t\t\t<\/div>\n\t\t\t\t<\/div>\n\t\t\t\t\t<\/div>\n\t\t<\/div>\n\t\t\t\t\t\t\t<\/div>\n\t\t<\/section>\n\t\t\t\t\t\t\t<\/div>\n\t\t","protected":false},"excerpt":{"rendered":"<p>\u00a0 \u00a0 Aviso Legal \u00a0 \u00a0 1. Identificaci\u00f3n y contacto del propietario de la web. www.magic.es, es propiedad de Magic Boats S.L. con domicilio en C\/ Valencia N\u00ba6 \u2013 Pol\u00edgono Son Bugadellas \u2013 Santa Ponsa07180 Calvi\u00e1 \u2013 Mallorca (Islas Baleares), con tel\u00e9fono (+34) 971 697942 y correo electr\u00f3nico magic@magic.es 2. \u00c1mbito de aplicaci\u00f3n. La navegaci\u00f3n [&hellip;]<\/p>\n","protected":false},"author":1,"featured_media":0,"parent":0,"menu_order":93,"comment_status":"closed","ping_status":"closed","template":"","meta":{"_mi_skip_tracking":false,"_monsterinsights_sitenote_active":false,"_monsterinsights_sitenote_note":"","_monsterinsights_sitenote_category":0,"footnotes":""},"class_list":["post-76063","page","type-page","status-publish","hentry"],"yoast_head":"<!-- This site is optimized with the Yoast SEO plugin v21.3 - https:\/\/yoast.com\/wordpress\/plugins\/seo\/ -->\n<title>Magic | Contigo desde 1977<\/title>\n<meta name=\"robots\" content=\"noindex, follow, max-snippet:-1, max-image-preview:large, max-video-preview:-1\" \/>\n<meta property=\"og:locale\" content=\"es_ES\" \/>\n<meta property=\"og:type\" content=\"article\" \/>\n<meta property=\"og:title\" content=\"Magic | Contigo desde 1977\" \/>\n<meta property=\"og:description\" content=\"\u00a0 \u00a0 Aviso Legal \u00a0 \u00a0 1. Identificaci\u00f3n y contacto del propietario de la web. www.magic.es, es propiedad de Magic Boats S.L. con domicilio en C\/ Valencia N\u00ba6 \u2013 Pol\u00edgono Son Bugadellas \u2013 Santa Ponsa07180 Calvi\u00e1 \u2013 Mallorca (Islas Baleares), con tel\u00e9fono (+34) 971 697942 y correo electr\u00f3nico magic@magic.es 2. \u00c1mbito de aplicaci\u00f3n. La navegaci\u00f3n [&hellip;]\" \/>\n<meta property=\"og:url\" content=\"https:\/\/magic.es\/index.php\/aviso-legal\/\" \/>\n<meta property=\"og:site_name\" content=\"Magic\" \/>\n<meta property=\"article:modified_time\" content=\"2022-09-16T09:44:52+00:00\" \/>\n<meta name=\"twitter:card\" content=\"summary_large_image\" \/>\n<meta name=\"twitter:label1\" content=\"Tiempo de lectura\" \/>\n\t<meta name=\"twitter:data1\" content=\"4 minutos\" \/>\n<script type=\"application\/ld+json\" class=\"yoast-schema-graph\">{\"@context\":\"https:\/\/schema.org\",\"@graph\":[{\"@type\":\"WebPage\",\"@id\":\"https:\/\/magic.es\/index.php\/aviso-legal\/\",\"url\":\"https:\/\/magic.es\/index.php\/aviso-legal\/\",\"name\":\"Magic | Contigo desde 1977\",\"isPartOf\":{\"@id\":\"https:\/\/magic.es\/#website\"},\"datePublished\":\"2022-08-09T13:39:21+00:00\",\"dateModified\":\"2022-09-16T09:44:52+00:00\",\"breadcrumb\":{\"@id\":\"https:\/\/magic.es\/index.php\/aviso-legal\/#breadcrumb\"},\"inLanguage\":\"es\",\"potentialAction\":[{\"@type\":\"ReadAction\",\"target\":[\"https:\/\/magic.es\/index.php\/aviso-legal\/\"]}]},{\"@type\":\"BreadcrumbList\",\"@id\":\"https:\/\/magic.es\/index.php\/aviso-legal\/#breadcrumb\",\"itemListElement\":[{\"@type\":\"ListItem\",\"position\":1,\"name\":\"Inicio\",\"item\":\"https:\/\/magic.es\/\"},{\"@type\":\"ListItem\",\"position\":2,\"name\":\"Aviso Legal\"}]},{\"@type\":\"WebSite\",\"@id\":\"https:\/\/magic.es\/#website\",\"url\":\"https:\/\/magic.es\/\",\"name\":\"Magic\",\"description\":\"Contigo desde 1977\",\"publisher\":{\"@id\":\"https:\/\/magic.es\/#organization\"},\"potentialAction\":[{\"@type\":\"SearchAction\",\"target\":{\"@type\":\"EntryPoint\",\"urlTemplate\":\"https:\/\/magic.es\/?s={search_term_string}\"},\"query-input\":\"required name=search_term_string\"}],\"inLanguage\":\"es\"},{\"@type\":\"Organization\",\"@id\":\"https:\/\/magic.es\/#organization\",\"name\":\"Magic Boats S.L.\",\"url\":\"https:\/\/magic.es\/\",\"logo\":{\"@type\":\"ImageObject\",\"inLanguage\":\"es\",\"@id\":\"https:\/\/magic.es\/#\/schema\/logo\/image\/\",\"url\":\"https:\/\/magic.es\/wp-content\/uploads\/2021\/01\/LogoMagicCuadrado_Negro.webp\",\"contentUrl\":\"https:\/\/magic.es\/wp-content\/uploads\/2021\/01\/LogoMagicCuadrado_Negro.webp\",\"width\":80,\"height\":75,\"caption\":\"Magic Boats S.L.\"},\"image\":{\"@id\":\"https:\/\/magic.es\/#\/schema\/logo\/image\/\"}}]}<\/script>\n<!-- \/ Yoast SEO plugin. -->","yoast_head_json":{"title":"Magic | Contigo desde 1977","robots":{"index":"noindex","follow":"follow","max-snippet":"max-snippet:-1","max-image-preview":"max-image-preview:large","max-video-preview":"max-video-preview:-1"},"og_locale":"es_ES","og_type":"article","og_title":"Magic | Contigo desde 1977","og_description":"\u00a0 \u00a0 Aviso Legal \u00a0 \u00a0 1. Identificaci\u00f3n y contacto del propietario de la web. www.magic.es, es propiedad de Magic Boats S.L. con domicilio en C\/ Valencia N\u00ba6 \u2013 Pol\u00edgono Son Bugadellas \u2013 Santa Ponsa07180 Calvi\u00e1 \u2013 Mallorca (Islas Baleares), con tel\u00e9fono (+34) 971 697942 y correo electr\u00f3nico magic@magic.es 2. \u00c1mbito de aplicaci\u00f3n. La navegaci\u00f3n [&hellip;]","og_url":"https:\/\/magic.es\/index.php\/aviso-legal\/","og_site_name":"Magic","article_modified_time":"2022-09-16T09:44:52+00:00","twitter_card":"summary_large_image","twitter_misc":{"Tiempo de lectura":"4 minutos"},"schema":{"@context":"https:\/\/schema.org","@graph":[{"@type":"WebPage","@id":"https:\/\/magic.es\/index.php\/aviso-legal\/","url":"https:\/\/magic.es\/index.php\/aviso-legal\/","name":"Magic | Contigo desde 1977","isPartOf":{"@id":"https:\/\/magic.es\/#website"},"datePublished":"2022-08-09T13:39:21+00:00","dateModified":"2022-09-16T09:44:52+00:00","breadcrumb":{"@id":"https:\/\/magic.es\/index.php\/aviso-legal\/#breadcrumb"},"inLanguage":"es","potentialAction":[{"@type":"ReadAction","target":["https:\/\/magic.es\/index.php\/aviso-legal\/"]}]},{"@type":"BreadcrumbList","@id":"https:\/\/magic.es\/index.php\/aviso-legal\/#breadcrumb","itemListElement":[{"@type":"ListItem","position":1,"name":"Inicio","item":"https:\/\/magic.es\/"},{"@type":"ListItem","position":2,"name":"Aviso Legal"}]},{"@type":"WebSite","@id":"https:\/\/magic.es\/#website","url":"https:\/\/magic.es\/","name":"Magic","description":"Contigo desde 1977","publisher":{"@id":"https:\/\/magic.es\/#organization"},"potentialAction":[{"@type":"SearchAction","target":{"@type":"EntryPoint","urlTemplate":"https:\/\/magic.es\/?s={search_term_string}"},"query-input":"required name=search_term_string"}],"inLanguage":"es"},{"@type":"Organization","@id":"https:\/\/magic.es\/#organization","name":"Magic Boats S.L.","url":"https:\/\/magic.es\/","logo":{"@type":"ImageObject","inLanguage":"es","@id":"https:\/\/magic.es\/#\/schema\/logo\/image\/","url":"https:\/\/magic.es\/wp-content\/uploads\/2021\/01\/LogoMagicCuadrado_Negro.webp","contentUrl":"https:\/\/magic.es\/wp-content\/uploads\/2021\/01\/LogoMagicCuadrado_Negro.webp","width":80,"height":75,"caption":"Magic Boats S.L."},"image":{"@id":"https:\/\/magic.es\/#\/schema\/logo\/image\/"}}]}},"_links":{"self":[{"href":"https:\/\/magic.es\/index.php\/wp-json\/wp\/v2\/pages\/76063","targetHints":{"allow":["GET"]}}],"collection":[{"href":"https:\/\/magic.es\/index.php\/wp-json\/wp\/v2\/pages"}],"about":[{"href":"https:\/\/magic.es\/index.php\/wp-json\/wp\/v2\/types\/page"}],"author":[{"embeddable":true,"href":"https:\/\/magic.es\/index.php\/wp-json\/wp\/v2\/users\/1"}],"replies":[{"embeddable":true,"href":"https:\/\/magic.es\/index.php\/wp-json\/wp\/v2\/comments?post=76063"}],"version-history":[{"count":7,"href":"https:\/\/magic.es\/index.php\/wp-json\/wp\/v2\/pages\/76063\/revisions"}],"predecessor-version":[{"id":76196,"href":"https:\/\/magic.es\/index.php\/wp-json\/wp\/v2\/pages\/76063\/revisions\/76196"}],"wp:attachment":[{"href":"https:\/\/magic.es\/index.php\/wp-json\/wp\/v2\/media?parent=76063"}],"curies":[{"name":"wp","href":"https:\/\/api.w.org\/{rel}","templated":true}]}}