{"id":76069,"date":"2022-08-09T13:48:12","date_gmt":"2022-08-09T13:48:12","guid":{"rendered":"https:\/\/dev.magic.es\/?page_id=76069"},"modified":"2022-09-16T09:45:32","modified_gmt":"2022-09-16T09:45:32","slug":"politica-de-privacidad","status":"publish","type":"page","link":"https:\/\/magic.es\/index.php\/politica-de-privacidad\/","title":{"rendered":"Pol\u00edtica de privacidad"},"content":{"rendered":"\t\t<div data-elementor-type=\"wp-page\" data-elementor-id=\"76069\" class=\"elementor elementor-76069\">\n\t\t\t\t\t\t\t\t\t<section class=\"elementor-section elementor-top-section elementor-element elementor-element-ae61fa7 elementor-section-boxed elementor-section-height-default elementor-section-height-default\" data-id=\"ae61fa7\" data-element_type=\"section\" data-settings=\"{&quot;background_background&quot;:&quot;classic&quot;}\">\n\t\t\t\t\t\t<div class=\"elementor-container elementor-column-gap-default\">\n\t\t\t\t\t<div class=\" elementor-column elementor-col-100 elementor-top-column elementor-element elementor-element-397cb75\" data-fullscreen-column-settings=\"{&quot;fullscreen&quot;:&quot;&quot;}\" data-id=\"397cb75\" data-element_type=\"column\">\n\t\t\t<div class=\"elementor-widget-wrap\">\n\t\t\t\t\t\t\t\t\t<\/div>\n\t\t<\/div>\n\t\t\t\t\t\t\t<\/div>\n\t\t<\/section>\n\t\t\t\t<section class=\"elementor-section elementor-top-section elementor-element elementor-element-23c08fa elementor-section-boxed elementor-section-height-default elementor-section-height-default\" data-id=\"23c08fa\" data-element_type=\"section\">\n\t\t\t\t\t\t<div class=\"elementor-container elementor-column-gap-default\">\n\t\t\t\t\t<div class=\" elementor-column elementor-col-100 elementor-top-column elementor-element elementor-element-9c15129\" data-fullscreen-column-settings=\"{&quot;fullscreen&quot;:&quot;&quot;}\" data-id=\"9c15129\" data-element_type=\"column\">\n\t\t\t<div class=\"elementor-widget-wrap elementor-element-populated\">\n\t\t\t\t\t\t\t\t<div class=\"elementor-element elementor-element-502a2dd elementor-widget elementor-widget-text-editor\" data-id=\"502a2dd\" data-element_type=\"widget\" data-widget_type=\"text-editor.default\">\n\t\t\t\t<div class=\"elementor-widget-container\">\n\t\t\t<style>\/*! elementor - v3.16.0 - 09-10-2023 *\/\n.elementor-widget-text-editor.elementor-drop-cap-view-stacked .elementor-drop-cap{background-color:#69727d;color:#fff}.elementor-widget-text-editor.elementor-drop-cap-view-framed .elementor-drop-cap{color:#69727d;border:3px solid;background-color:transparent}.elementor-widget-text-editor:not(.elementor-drop-cap-view-default) .elementor-drop-cap{margin-top:8px}.elementor-widget-text-editor:not(.elementor-drop-cap-view-default) .elementor-drop-cap-letter{width:1em;height:1em}.elementor-widget-text-editor .elementor-drop-cap{float:left;text-align:center;line-height:1;font-size:50px}.elementor-widget-text-editor .elementor-drop-cap-letter{display:inline-block}<\/style>\t\t\t\t<div class=\"row justify-content-center\"><div class=\"col-12 text-center margin-6-rem-bottom sm-margin-3-half-rem-bottom\"><h4>\u00a0<\/h4><h4>\u00a0<\/h4><h4 class=\"alt-font font-weight-600 text-extra-dark-gray letter-spacing-minus-1px\">Pol\u00edtica de Privacidad<\/h4><\/div><\/div><div class=\"row\"><div>\u00a0<\/div><div>\u00a0<\/div><div>\u00a0<\/div><div class=\"col-12\"><p><span class=\"alt-font text-extra-medium d-block text-extra-dark-gray margin-20px-bottom font-weight-500\">\u00bfQUI\u00c9N ES EL RESPONSABLE DEL TRATAMIENTO DE SUS DATOS?<\/span><\/p><p>Magic Boats S.L. con domicilio en C\/ Valencia N\u00ba6 \u2013 Pol\u00edgono Son Bugadellas \u2013 Santa Ponsa<br \/>07180 Calvi\u00e1 \u2013 Mallorca (Islas Baleares), con tel\u00e9fono (+34) 971 697942 y correo electr\u00f3nico magic@magic.es<\/p><\/div><\/div><div class=\"row\"><div class=\"col-12\"><p><span class=\"alt-font text-extra-medium d-block text-extra-dark-gray margin-20px-bottom font-weight-500\">\u00bfCU\u00c1L ES LA LEGITIMACI\u00d3N PARA EL TRATAMIENTO DE SUS DATOS PERSONALES?<\/span><\/p><p>La base legal para el tratamiento de los datos es la ejecuci\u00f3n del contrato de prestaci\u00f3n de servicios y\/o de compra de los productos correspondientes. Adem\u00e1s, la base legal para el tratamiento de los datos para la finalidad promocional ser\u00e1 tanto el consentimiento del usuario, en caso de que se haya solicitado y otorgado, como el inter\u00e9s leg\u00edtimo de Magic Boats S.L. en poner en su conocimiento productos o servicios similares a los que el Usuario, haya adquirido previamente.<\/p><\/div><\/div><div class=\"row\"><div class=\"col-12\"><p><span class=\"alt-font text-extra-medium d-block text-extra-dark-gray margin-20px-bottom font-weight-500\">\u00bfCON QU\u00c9 FINALIDAD TRATAMOS SUS DATOS PERSONALES?<\/span><\/p><p>Magic Boats S.L. podr\u00e1 tratar los datos de car\u00e1cter personal que el Usuario facilite, para prestarle el servicio solicitado y\/o de compra de los productos solicitados, realizar actividades promocionales acerca de otros servicios y\/o productos, incluyendo el env\u00edo de newsletter, comunicaciones comerciales, y promocionales, al n\u00famero de tel\u00e9fono y\/o a la direcci\u00f3n de correo electr\u00f3nico que el usuario facilite. Magic Boats S.L. recaba la informaci\u00f3n imprescindible para la prestaci\u00f3n de sus servicios, sin excederse en ning\u00fan caso.<\/p><\/div><\/div><div class=\"row\"><div class=\"col-12\"><p><span class=\"alt-font text-extra-medium d-block text-extra-dark-gray margin-20px-bottom font-weight-500\">\u00bfPOR CU\u00c1NTO TIEMPO CONSERVAMOS SUS DATOS PERSONALES?<\/span><\/p><p>Los datos que nos facilita estar\u00e1n bajo la tutela de Magic Boats S.L. mientras se mantenga la relaci\u00f3n comercial o durante los a\u00f1os necesarios para cumplir con las obligaciones legales. Una vez finalizado este per\u00edodo se destruir\u00e1n y\/o se har\u00e1n llegar al titular de los datos.<\/p><\/div><\/div><div class=\"row\"><div class=\"col-12\"><p><span class=\"alt-font text-extra-medium d-block text-extra-dark-gray margin-20px-bottom font-weight-500\">\u00bfQUI\u00c9N TIENE ACCESO A SUS DATOS PERSONALES?<\/span><\/p><p>Una \u00f3ptima prestaci\u00f3n del servicio que Magic Boats S.L. ofrece, puede requerir que otros terceros prestadores de servicios, accedan a los datos personales del Usuario como encargados del tratamiento. Adem\u00e1s de lo anterior, Magic Boats S.L. podr\u00e1 realizar cesiones o comunicaciones de datos personales para atender sus obligaciones con las Administraciones P\u00fablicas en los casos que as\u00ed se requiera de acuerdo con la legislaci\u00f3n vigente en cada momento y en su caso, a otros \u00f3rganos como Fuerzas y Cuerpos de Seguridad del Estado y a los \u00f3rganos Judiciales.<\/p><\/div><\/div><div class=\"row\"><div class=\"col-12\"><p><span class=\"alt-font text-extra-medium d-block text-extra-dark-gray margin-20px-bottom font-weight-500\">\u00bfCU\u00c1LES SON LOS DERECHOS DE LOS USUARIOS?<\/span><\/p><p>Le asiste la posibilidad de ejercitar los derechos de acceso, rectificaci\u00f3n, oposici\u00f3n, supresi\u00f3n, portabilidad y limitaci\u00f3n del tratamiento, as\u00ed como a rechazar el tratamiento automatizado de los datos personales recogidos por Magic Boats S.L..<br \/>Dichos derechos podr\u00e1n ser ejercitados gratuitamente por el Usuario, y en su caso quien lo represente, mediante solicitud escrita y firmada dirigida a \u00a0C\/ Valencia N\u00ba6 \u2013 Pol\u00edgono Son Bugadellas \u2013 Santa Ponsa 07180 Calvi\u00e1 \u2013 Mallorca (Islas Baleares).<br \/>Asimismo, el Usuario podr\u00e1 ejercitar los mencionados derechos a trav\u00e9s del correo electr\u00f3nico, <a href=\"mailto:magic@magic.es\">magic@magic.es<\/a>.<\/p><\/div><\/div>\t\t\t\t\t\t<\/div>\n\t\t\t\t<\/div>\n\t\t\t\t\t<\/div>\n\t\t<\/div>\n\t\t\t\t\t\t\t<\/div>\n\t\t<\/section>\n\t\t\t\t<section class=\"elementor-section elementor-top-section elementor-element elementor-element-4a2694a elementor-section-content-middle elementor-hidden-tablet elementor-hidden-mobile elementor-section-boxed elementor-section-height-default elementor-section-height-default\" data-id=\"4a2694a\" data-element_type=\"section\" data-settings=\"{&quot;background_background&quot;:&quot;classic&quot;}\">\n\t\t\t\t\t\t<div class=\"elementor-container elementor-column-gap-default\">\n\t\t\t\t\t<div class=\" elementor-column elementor-col-33 elementor-top-column elementor-element elementor-element-ef1c8ac elementor-invisible\" data-fullscreen-column-settings=\"{&quot;fullscreen&quot;:&quot;&quot;}\" data-id=\"ef1c8ac\" data-element_type=\"column\" data-settings=\"{&quot;animation&quot;:&quot;fadeInLeft&quot;,&quot;animation_delay&quot;:600}\">\n\t\t\t<div class=\"elementor-widget-wrap elementor-element-populated\">\n\t\t\t\t\t\t\t\t<div class=\"elementor-element elementor-element-6722bd8 elementor-widget__width-initial elementor-widget-tablet__width-inherit elementor-widget elementor-widget-litho-heading\" data-id=\"6722bd8\" data-element_type=\"widget\" data-widget_type=\"litho-heading.default\">\n\t\t\t\t<div class=\"elementor-widget-container\">\n\t\t\t<span class=\"litho-heading elementor-size-default\"><span class=\"litho-primary-title\">magic<\/span><\/span>\t\t<\/div>\n\t\t\t\t<\/div>\n\t\t\t\t\t<\/div>\n\t\t<\/div>\n\t\t\t\t<div class=\" elementor-column elementor-col-33 elementor-top-column elementor-element elementor-element-43afc99 elementor-invisible\" data-fullscreen-column-settings=\"{&quot;fullscreen&quot;:&quot;&quot;}\" data-id=\"43afc99\" data-element_type=\"column\" data-settings=\"{&quot;animation&quot;:&quot;fadeIn&quot;,&quot;animation_delay&quot;:200}\">\n\t\t\t<div class=\"elementor-widget-wrap elementor-element-populated\">\n\t\t\t\t\t\t\t\t<div class=\"elementor-element elementor-element-f81b05b elementor-widget elementor-widget-litho-heading\" data-id=\"f81b05b\" data-element_type=\"widget\" data-widget_type=\"litho-heading.default\">\n\t\t\t\t<div class=\"elementor-widget-container\">\n\t\t\t<h4 class=\"litho-heading elementor-size-default\"><span class=\"litho-primary-title\">Desde 1977 cuidando de ti.<\/span><\/h4>\t\t<\/div>\n\t\t\t\t<\/div>\n\t\t\t\t\t<\/div>\n\t\t<\/div>\n\t\t\t\t<div class=\" elementor-column elementor-col-33 elementor-top-column elementor-element elementor-element-de79dac elementor-invisible\" data-fullscreen-column-settings=\"{&quot;fullscreen&quot;:&quot;&quot;}\" data-id=\"de79dac\" data-element_type=\"column\" data-settings=\"{&quot;animation&quot;:&quot;fadeIn&quot;,&quot;animation_delay&quot;:400}\">\n\t\t\t<div class=\"elementor-widget-wrap elementor-element-populated\">\n\t\t\t\t\t\t\t\t<div class=\"elementor-element elementor-element-47e102c elementor-align-center elementor-widget elementor-widget-litho-button\" data-id=\"47e102c\" data-element_type=\"widget\" data-widget_type=\"litho-button.default\">\n\t\t\t\t<div class=\"elementor-widget-container\">\n\t\t\t\t\t\t\t<div class=\"elementor-button-wrapper litho-button-wrapper\">\n\t\t\t\t\t<a class=\"elementor-button-link elementor-button elementor-size-md hvr-float-3px \" href=\"https:\/\/magic.es\/index.php\/contacto\/\" role=\"button\">\n\t\t\t\t\t\t\t\t\t<span class=\"elementor-button-content-wrapper\">\n\t\t\t\t\t\t\t\t\t\t\t\t\t<span class=\"elementor-button-text\">EMPIEZA TU PROJECTO<\/span>\n\t\t\t\t\t\t\t<\/span>\n\t\t\t\t\t\t\t\t<\/a>\n\t\t\t\t<\/div>\n\t\t\t\t\t<\/div>\n\t\t\t\t<\/div>\n\t\t\t\t\t<\/div>\n\t\t<\/div>\n\t\t\t\t\t\t\t<\/div>\n\t\t<\/section>\n\t\t\t\t\t\t\t<\/div>\n\t\t","protected":false},"excerpt":{"rendered":"<p>\u00a0 \u00a0 Pol\u00edtica de Privacidad \u00a0\u00a0\u00a0 \u00bfQUI\u00c9N ES EL RESPONSABLE DEL TRATAMIENTO DE SUS DATOS? Magic Boats S.L. con domicilio en C\/ Valencia N\u00ba6 \u2013 Pol\u00edgono Son Bugadellas \u2013 Santa Ponsa07180 Calvi\u00e1 \u2013 Mallorca (Islas Baleares), con tel\u00e9fono (+34) 971 697942 y correo electr\u00f3nico magic@magic.es \u00bfCU\u00c1L ES LA LEGITIMACI\u00d3N PARA EL TRATAMIENTO DE SUS DATOS [&hellip;]<\/p>\n","protected":false},"author":1,"featured_media":0,"parent":0,"menu_order":93,"comment_status":"closed","ping_status":"closed","template":"","meta":{"_mi_skip_tracking":false,"_monsterinsights_sitenote_active":false,"_monsterinsights_sitenote_note":"","_monsterinsights_sitenote_category":0,"footnotes":""},"class_list":["post-76069","page","type-page","status-publish","hentry"],"yoast_head":"<!-- This site is optimized with the Yoast SEO plugin v21.3 - https:\/\/yoast.com\/wordpress\/plugins\/seo\/ -->\n<title>Magic | Contigo desde 1977<\/title>\n<meta name=\"robots\" content=\"noindex, follow, max-snippet:-1, max-image-preview:large, max-video-preview:-1\" \/>\n<meta property=\"og:locale\" content=\"es_ES\" \/>\n<meta property=\"og:type\" content=\"article\" \/>\n<meta property=\"og:title\" content=\"Magic | Contigo desde 1977\" \/>\n<meta property=\"og:description\" content=\"\u00a0 \u00a0 Pol\u00edtica de Privacidad \u00a0\u00a0\u00a0 \u00bfQUI\u00c9N ES EL RESPONSABLE DEL TRATAMIENTO DE SUS DATOS? Magic Boats S.L. con domicilio en C\/ Valencia N\u00ba6 \u2013 Pol\u00edgono Son Bugadellas \u2013 Santa Ponsa07180 Calvi\u00e1 \u2013 Mallorca (Islas Baleares), con tel\u00e9fono (+34) 971 697942 y correo electr\u00f3nico magic@magic.es \u00bfCU\u00c1L ES LA LEGITIMACI\u00d3N PARA EL TRATAMIENTO DE SUS DATOS [&hellip;]\" \/>\n<meta property=\"og:url\" content=\"https:\/\/magic.es\/index.php\/politica-de-privacidad\/\" \/>\n<meta property=\"og:site_name\" content=\"Magic\" \/>\n<meta property=\"article:modified_time\" content=\"2022-09-16T09:45:32+00:00\" \/>\n<meta name=\"twitter:card\" content=\"summary_large_image\" \/>\n<meta name=\"twitter:label1\" content=\"Tiempo de lectura\" \/>\n\t<meta name=\"twitter:data1\" content=\"3 minutos\" \/>\n<script type=\"application\/ld+json\" class=\"yoast-schema-graph\">{\"@context\":\"https:\/\/schema.org\",\"@graph\":[{\"@type\":\"WebPage\",\"@id\":\"https:\/\/magic.es\/index.php\/politica-de-privacidad\/\",\"url\":\"https:\/\/magic.es\/index.php\/politica-de-privacidad\/\",\"name\":\"Magic | Contigo desde 1977\",\"isPartOf\":{\"@id\":\"https:\/\/magic.es\/#website\"},\"datePublished\":\"2022-08-09T13:48:12+00:00\",\"dateModified\":\"2022-09-16T09:45:32+00:00\",\"breadcrumb\":{\"@id\":\"https:\/\/magic.es\/index.php\/politica-de-privacidad\/#breadcrumb\"},\"inLanguage\":\"es\",\"potentialAction\":[{\"@type\":\"ReadAction\",\"target\":[\"https:\/\/magic.es\/index.php\/politica-de-privacidad\/\"]}]},{\"@type\":\"BreadcrumbList\",\"@id\":\"https:\/\/magic.es\/index.php\/politica-de-privacidad\/#breadcrumb\",\"itemListElement\":[{\"@type\":\"ListItem\",\"position\":1,\"name\":\"Inicio\",\"item\":\"https:\/\/magic.es\/\"},{\"@type\":\"ListItem\",\"position\":2,\"name\":\"Pol\u00edtica de privacidad\"}]},{\"@type\":\"WebSite\",\"@id\":\"https:\/\/magic.es\/#website\",\"url\":\"https:\/\/magic.es\/\",\"name\":\"Magic\",\"description\":\"Contigo desde 1977\",\"publisher\":{\"@id\":\"https:\/\/magic.es\/#organization\"},\"potentialAction\":[{\"@type\":\"SearchAction\",\"target\":{\"@type\":\"EntryPoint\",\"urlTemplate\":\"https:\/\/magic.es\/?s={search_term_string}\"},\"query-input\":\"required name=search_term_string\"}],\"inLanguage\":\"es\"},{\"@type\":\"Organization\",\"@id\":\"https:\/\/magic.es\/#organization\",\"name\":\"Magic Boats S.L.\",\"url\":\"https:\/\/magic.es\/\",\"logo\":{\"@type\":\"ImageObject\",\"inLanguage\":\"es\",\"@id\":\"https:\/\/magic.es\/#\/schema\/logo\/image\/\",\"url\":\"https:\/\/magic.es\/wp-content\/uploads\/2021\/01\/LogoMagicCuadrado_Negro.webp\",\"contentUrl\":\"https:\/\/magic.es\/wp-content\/uploads\/2021\/01\/LogoMagicCuadrado_Negro.webp\",\"width\":80,\"height\":75,\"caption\":\"Magic Boats S.L.\"},\"image\":{\"@id\":\"https:\/\/magic.es\/#\/schema\/logo\/image\/\"}}]}<\/script>\n<!-- \/ Yoast SEO plugin. -->","yoast_head_json":{"title":"Magic | Contigo desde 1977","robots":{"index":"noindex","follow":"follow","max-snippet":"max-snippet:-1","max-image-preview":"max-image-preview:large","max-video-preview":"max-video-preview:-1"},"og_locale":"es_ES","og_type":"article","og_title":"Magic | Contigo desde 1977","og_description":"\u00a0 \u00a0 Pol\u00edtica de Privacidad \u00a0\u00a0\u00a0 \u00bfQUI\u00c9N ES EL RESPONSABLE DEL TRATAMIENTO DE SUS DATOS? Magic Boats S.L. con domicilio en C\/ Valencia N\u00ba6 \u2013 Pol\u00edgono Son Bugadellas \u2013 Santa Ponsa07180 Calvi\u00e1 \u2013 Mallorca (Islas Baleares), con tel\u00e9fono (+34) 971 697942 y correo electr\u00f3nico magic@magic.es \u00bfCU\u00c1L ES LA LEGITIMACI\u00d3N PARA EL TRATAMIENTO DE SUS DATOS [&hellip;]","og_url":"https:\/\/magic.es\/index.php\/politica-de-privacidad\/","og_site_name":"Magic","article_modified_time":"2022-09-16T09:45:32+00:00","twitter_card":"summary_large_image","twitter_misc":{"Tiempo de lectura":"3 minutos"},"schema":{"@context":"https:\/\/schema.org","@graph":[{"@type":"WebPage","@id":"https:\/\/magic.es\/index.php\/politica-de-privacidad\/","url":"https:\/\/magic.es\/index.php\/politica-de-privacidad\/","name":"Magic | Contigo desde 1977","isPartOf":{"@id":"https:\/\/magic.es\/#website"},"datePublished":"2022-08-09T13:48:12+00:00","dateModified":"2022-09-16T09:45:32+00:00","breadcrumb":{"@id":"https:\/\/magic.es\/index.php\/politica-de-privacidad\/#breadcrumb"},"inLanguage":"es","potentialAction":[{"@type":"ReadAction","target":["https:\/\/magic.es\/index.php\/politica-de-privacidad\/"]}]},{"@type":"BreadcrumbList","@id":"https:\/\/magic.es\/index.php\/politica-de-privacidad\/#breadcrumb","itemListElement":[{"@type":"ListItem","position":1,"name":"Inicio","item":"https:\/\/magic.es\/"},{"@type":"ListItem","position":2,"name":"Pol\u00edtica de privacidad"}]},{"@type":"WebSite","@id":"https:\/\/magic.es\/#website","url":"https:\/\/magic.es\/","name":"Magic","description":"Contigo desde 1977","publisher":{"@id":"https:\/\/magic.es\/#organization"},"potentialAction":[{"@type":"SearchAction","target":{"@type":"EntryPoint","urlTemplate":"https:\/\/magic.es\/?s={search_term_string}"},"query-input":"required name=search_term_string"}],"inLanguage":"es"},{"@type":"Organization","@id":"https:\/\/magic.es\/#organization","name":"Magic Boats S.L.","url":"https:\/\/magic.es\/","logo":{"@type":"ImageObject","inLanguage":"es","@id":"https:\/\/magic.es\/#\/schema\/logo\/image\/","url":"https:\/\/magic.es\/wp-content\/uploads\/2021\/01\/LogoMagicCuadrado_Negro.webp","contentUrl":"https:\/\/magic.es\/wp-content\/uploads\/2021\/01\/LogoMagicCuadrado_Negro.webp","width":80,"height":75,"caption":"Magic Boats S.L."},"image":{"@id":"https:\/\/magic.es\/#\/schema\/logo\/image\/"}}]}},"_links":{"self":[{"href":"https:\/\/magic.es\/index.php\/wp-json\/wp\/v2\/pages\/76069","targetHints":{"allow":["GET"]}}],"collection":[{"href":"https:\/\/magic.es\/index.php\/wp-json\/wp\/v2\/pages"}],"about":[{"href":"https:\/\/magic.es\/index.php\/wp-json\/wp\/v2\/types\/page"}],"author":[{"embeddable":true,"href":"https:\/\/magic.es\/index.php\/wp-json\/wp\/v2\/users\/1"}],"replies":[{"embeddable":true,"href":"https:\/\/magic.es\/index.php\/wp-json\/wp\/v2\/comments?post=76069"}],"version-history":[{"count":7,"href":"https:\/\/magic.es\/index.php\/wp-json\/wp\/v2\/pages\/76069\/revisions"}],"predecessor-version":[{"id":76208,"href":"https:\/\/magic.es\/index.php\/wp-json\/wp\/v2\/pages\/76069\/revisions\/76208"}],"wp:attachment":[{"href":"https:\/\/magic.es\/index.php\/wp-json\/wp\/v2\/media?parent=76069"}],"curies":[{"name":"wp","href":"https:\/\/api.w.org\/{rel}","templated":true}]}}