{"id":76820,"date":"2022-10-17T06:51:20","date_gmt":"2022-10-17T06:51:20","guid":{"rendered":"https:\/\/dev.magic.es\/?page_id=76820"},"modified":"2022-11-28T11:30:38","modified_gmt":"2022-11-28T11:30:38","slug":"asesoramiento","status":"publish","type":"page","link":"https:\/\/magic.es\/index.php\/asesoramiento\/","title":{"rendered":"Asesoramiento"},"content":{"rendered":"\t\t<div data-elementor-type=\"wp-page\" data-elementor-id=\"76820\" class=\"elementor elementor-76820\">\n\t\t\t\t\t\t\t\t\t<section data-parallax-section-settings=\"{&quot;parallax_ratio&quot;:0.4,&quot;parallax&quot;:&quot;parallax&quot;}\" data-scroll-to-down-settings=\"{&quot;scroll_to_down&quot;:&quot;yes&quot;,&quot;scroll_style_types&quot;:&quot;scroll-down-type-2&quot;,&quot;scroll_target_id&quot;:&quot;#about&quot;,&quot;scroll_text_separator&quot;:&quot;yes&quot;,&quot;scroll_text&quot;:&quot;scroll&quot;,&quot;scroll_custom_image&quot;:&quot;&quot;,&quot;scroll_icon&quot;:&quot;&quot;}\" class=\"elementor-section elementor-top-section elementor-element elementor-element-cbdd3d8 elementor-section-boxed elementor-section-height-default elementor-section-height-default\" data-id=\"cbdd3d8\" data-element_type=\"section\" data-settings=\"{&quot;background_background&quot;:&quot;classic&quot;}\">\n\t\t\t\t\t\t<div class=\"elementor-container elementor-column-gap-default\">\n\t\t\t\t\t<div class=\"full-screen elementor-column elementor-col-50 elementor-top-column elementor-element elementor-element-09df80b\" data-fullscreen-column-settings=\"{&quot;fullscreen&quot;:&quot;yes&quot;}\" data-id=\"09df80b\" data-element_type=\"column\">\n\t\t\t<div class=\"elementor-widget-wrap elementor-element-populated\">\n\t\t\t\t\t\t\t\t<div class=\"elementor-element elementor-element-fe5d9a7 elementor-widget-mobile__width-initial elementor-widget elementor-widget-litho-heading\" data-id=\"fe5d9a7\" data-element_type=\"widget\" data-widget_type=\"litho-heading.default\">\n\t\t\t\t<div class=\"elementor-widget-container\">\n\t\t\t<h1 class=\"litho-heading elementor-size-default\"><span class=\"litho-primary-title\">Desaladoras de agua salobr<\/span><\/h1>\t\t<\/div>\n\t\t\t\t<\/div>\n\t\t\t\t<div class=\"elementor-element elementor-element-36e41d8 elementor-widget__width-inherit elementor-widget-tablet__width-inherit elementor-widget elementor-widget-litho-button\" data-id=\"36e41d8\" data-element_type=\"widget\" data-widget_type=\"litho-button.default\">\n\t\t\t\t<div class=\"elementor-widget-container\">\n\t\t\t\t\t\t\t<div class=\"elementor-button-wrapper litho-button-wrapper\">\n\t\t\t\t\t<a class=\"elementor-button-link elementor-button elementor-size-xl hvr-btn-expand-ltr btn-custom-effect\" href=\"#about\" role=\"button\">\n\t\t\t\t\t\t\t\t\t<span class=\"elementor-button-content-wrapper\">\n\t\t\t\t\t\t\t\t\t\t\t\t\t<span class=\"elementor-button-text\">SABER M\u00c1S<\/span>\n\t\t\t\t\t\t\t<\/span>\n\t\t\t\t\t\t\t\t<\/a>\n\t\t\t\t<\/div>\n\t\t\t\t\t<\/div>\n\t\t\t\t<\/div>\n\t\t\t\t\t<\/div>\n\t\t<\/div>\n\t\t\t\t<div class=\" elementor-column elementor-col-50 elementor-top-column elementor-element elementor-element-df67702 elementor-hidden-phone\" data-fullscreen-column-settings=\"{&quot;fullscreen&quot;:&quot;&quot;}\" data-id=\"df67702\" data-element_type=\"column\">\n\t\t\t<div class=\"elementor-widget-wrap\">\n\t\t\t\t\t\t\t\t\t<\/div>\n\t\t<\/div>\n\t\t\t\t\t\t\t<\/div>\n\t\t<\/section>\n\t\t\t\t<section class=\"elementor-section elementor-top-section elementor-element elementor-element-ae61fa7 elementor-section-boxed elementor-section-height-default elementor-section-height-default\" data-id=\"ae61fa7\" data-element_type=\"section\" data-settings=\"{&quot;background_background&quot;:&quot;classic&quot;}\">\n\t\t\t\t\t\t<div class=\"elementor-container elementor-column-gap-default\">\n\t\t\t\t\t<div class=\" elementor-column elementor-col-100 elementor-top-column elementor-element elementor-element-397cb75\" data-fullscreen-column-settings=\"{&quot;fullscreen&quot;:&quot;&quot;}\" data-id=\"397cb75\" data-element_type=\"column\">\n\t\t\t<div class=\"elementor-widget-wrap\">\n\t\t\t\t\t\t\t\t\t<\/div>\n\t\t<\/div>\n\t\t\t\t\t\t\t<\/div>\n\t\t<\/section>\n\t\t\t\t<section class=\"elementor-section elementor-top-section elementor-element elementor-element-b8660ff elementor-section-content-middle elementor-section-boxed elementor-section-height-default elementor-section-height-default\" data-id=\"b8660ff\" data-element_type=\"section\" id=\"about\">\n\t\t\t\t\t\t<div class=\"elementor-container elementor-column-gap-default\">\n\t\t\t\t\t<div class=\" elementor-column elementor-col-50 elementor-top-column elementor-element elementor-element-b5aa527\" data-fullscreen-column-settings=\"{&quot;fullscreen&quot;:&quot;&quot;}\" data-id=\"b5aa527\" data-element_type=\"column\">\n\t\t\t<div class=\"elementor-widget-wrap elementor-element-populated\">\n\t\t\t\t\t\t\t\t<div class=\"elementor-element elementor-element-ea16f3c elementor-widget elementor-widget-litho-heading\" data-id=\"ea16f3c\" data-element_type=\"widget\" data-widget_type=\"litho-heading.default\">\n\t\t\t\t<div class=\"elementor-widget-container\">\n\t\t\t<span class=\"litho-heading elementor-size-default\"><span class=\"litho-primary-title\">DESALADORAS DE AGUA SALOBRE\n<\/span><\/span>\t\t<\/div>\n\t\t\t\t<\/div>\n\t\t\t\t<div class=\"elementor-element elementor-element-d8c0390 elementor-widget__width-initial elementor-widget-tablet__width-initial elementor-widget-mobile__width-initial elementor-widget elementor-widget-litho-heading\" data-id=\"d8c0390\" data-element_type=\"widget\" data-widget_type=\"litho-heading.default\">\n\t\t\t\t<div class=\"elementor-widget-container\">\n\t\t\t<h4 class=\"litho-heading elementor-size-default\"><span class=\"litho-primary-title\">Los equipos Magic se dise\u00f1an para tratar,<\/span><\/h4>\t\t<\/div>\n\t\t\t\t<\/div>\n\t\t\t\t<div class=\"elementor-element elementor-element-00172c6 elementor-widget__width-initial elementor-widget-mobile__width-initial elementor-widget-tablet__width-initial elementor-widget elementor-widget-text-editor\" data-id=\"00172c6\" data-element_type=\"widget\" data-widget_type=\"text-editor.default\">\n\t\t\t\t<div class=\"elementor-widget-container\">\n\t\t\t<style>\/*! elementor - v3.16.0 - 09-10-2023 *\/\n.elementor-widget-text-editor.elementor-drop-cap-view-stacked .elementor-drop-cap{background-color:#69727d;color:#fff}.elementor-widget-text-editor.elementor-drop-cap-view-framed .elementor-drop-cap{color:#69727d;border:3px solid;background-color:transparent}.elementor-widget-text-editor:not(.elementor-drop-cap-view-default) .elementor-drop-cap{margin-top:8px}.elementor-widget-text-editor:not(.elementor-drop-cap-view-default) .elementor-drop-cap-letter{width:1em;height:1em}.elementor-widget-text-editor .elementor-drop-cap{float:left;text-align:center;line-height:1;font-size:50px}.elementor-widget-text-editor .elementor-drop-cap-letter{display:inline-block}<\/style>\t\t\t\t<p>mediante el proceso de \u00f3smosis inversa, aguas de diferentes caracter\u00edsticas y de hasta 15.000ppm de s\u00f3lidos disueltos totales (22.000\u03bcs).<\/p>\t\t\t\t\t\t<\/div>\n\t\t\t\t<\/div>\n\t\t\t\t\t<\/div>\n\t\t<\/div>\n\t\t\t\t<div class=\" elementor-column elementor-col-50 elementor-top-column elementor-element elementor-element-0483b7a\" data-fullscreen-column-settings=\"{&quot;fullscreen&quot;:&quot;&quot;}\" data-id=\"0483b7a\" data-element_type=\"column\">\n\t\t\t<div class=\"elementor-widget-wrap elementor-element-populated\">\n\t\t\t\t\t\t\t\t<div class=\"elementor-element elementor-element-af8f36f elementor-widget elementor-widget-litho-image-offset-shadow\" data-id=\"af8f36f\" data-element_type=\"widget\" data-widget_type=\"litho-image-offset-shadow.default\">\n\t\t\t\t<div class=\"elementor-widget-container\">\n\t\t\t\t\t\t\t<div class=\"image-back-offset-shadow width-100\">\n\t\t\t\t\t<img decoding=\"async\" src=\"https:\/\/magic.es\/wp-content\/uploads\/2022\/11\/AdobeStock_301595946-1.jpeg\" alt=\"ship engine room\"  srcset=\"https:\/\/magic.es\/wp-content\/uploads\/2022\/11\/AdobeStock_301595946-1.jpeg 2560w, https:\/\/magic.es\/wp-content\/uploads\/2022\/11\/AdobeStock_301595946-1-300x200.jpeg 300w, https:\/\/magic.es\/wp-content\/uploads\/2022\/11\/AdobeStock_301595946-1-1024x683.jpeg 1024w, https:\/\/magic.es\/wp-content\/uploads\/2022\/11\/AdobeStock_301595946-1-768x512.jpeg 768w, https:\/\/magic.es\/wp-content\/uploads\/2022\/11\/AdobeStock_301595946-1-1536x1024.jpeg 1536w, https:\/\/magic.es\/wp-content\/uploads\/2022\/11\/AdobeStock_301595946-1-2048x1366.jpeg 2048w, https:\/\/magic.es\/wp-content\/uploads\/2022\/11\/AdobeStock_301595946-1-18x12.jpeg 18w, https:\/\/magic.es\/wp-content\/uploads\/2022\/11\/AdobeStock_301595946-1-200x133.jpeg 200w, https:\/\/magic.es\/wp-content\/uploads\/2022\/11\/AdobeStock_301595946-1-1568x1046.jpeg 1568w\" sizes=\"(max-width: 2560px) 100vw, 2560px\" \/>\t\t\t\t\t<span class=\"overlay\"><\/span>\n\t\t\t\t<\/div>\n\t\t\t\t\t\t<\/div>\n\t\t\t\t<\/div>\n\t\t\t\t\t<\/div>\n\t\t<\/div>\n\t\t\t\t\t\t\t<\/div>\n\t\t<\/section>\n\t\t\t\t<section class=\"elementor-section elementor-top-section elementor-element elementor-element-a4ce603 elementor-section-content-middle elementor-reverse-mobile elementor-section-boxed elementor-section-height-default elementor-section-height-default\" data-id=\"a4ce603\" data-element_type=\"section\">\n\t\t\t\t\t\t<div class=\"elementor-container elementor-column-gap-default\">\n\t\t\t\t\t<div class=\" elementor-column elementor-col-50 elementor-top-column elementor-element elementor-element-4bb1c57\" data-fullscreen-column-settings=\"{&quot;fullscreen&quot;:&quot;&quot;}\" data-id=\"4bb1c57\" data-element_type=\"column\">\n\t\t\t<div class=\"elementor-widget-wrap elementor-element-populated\">\n\t\t\t\t\t\t\t\t<div class=\"elementor-element elementor-element-ffbe472 elementor-widget elementor-widget-litho-image-offset-shadow\" data-id=\"ffbe472\" data-element_type=\"widget\" data-widget_type=\"litho-image-offset-shadow.default\">\n\t\t\t\t<div class=\"elementor-widget-container\">\n\t\t\t\t\t\t\t<div class=\"image-back-offset-shadow width-100\">\n\t\t\t\t\t<img decoding=\"async\" src=\"https:\/\/magic.es\/wp-content\/uploads\/2022\/08\/Composicion_2.webp\" alt=\"Composicion_2\"  srcset=\"https:\/\/magic.es\/wp-content\/uploads\/2022\/08\/Composicion_2.webp 960w, https:\/\/magic.es\/wp-content\/uploads\/2022\/08\/Composicion_2-300x243.webp 300w, https:\/\/magic.es\/wp-content\/uploads\/2022\/08\/Composicion_2-768x622.webp 768w, https:\/\/magic.es\/wp-content\/uploads\/2022\/08\/Composicion_2-200x162.webp 200w, https:\/\/magic.es\/wp-content\/uploads\/2022\/08\/Composicion_2-600x486.webp 600w\" sizes=\"(max-width: 960px) 100vw, 960px\" \/>\t\t\t\t\t<span class=\"overlay\"><\/span>\n\t\t\t\t<\/div>\n\t\t\t\t\t\t<\/div>\n\t\t\t\t<\/div>\n\t\t\t\t\t<\/div>\n\t\t<\/div>\n\t\t\t\t<div class=\" elementor-column elementor-col-50 elementor-top-column elementor-element elementor-element-0212dde\" data-fullscreen-column-settings=\"{&quot;fullscreen&quot;:&quot;&quot;}\" data-id=\"0212dde\" data-element_type=\"column\">\n\t\t\t<div class=\"elementor-widget-wrap elementor-element-populated\">\n\t\t\t\t\t\t\t\t<div class=\"elementor-element elementor-element-aede3f4 elementor-widget__width-initial elementor-widget-tablet__width-initial elementor-widget-mobile__width-initial elementor-widget elementor-widget-litho-heading\" data-id=\"aede3f4\" data-element_type=\"widget\" data-widget_type=\"litho-heading.default\">\n\t\t\t\t<div class=\"elementor-widget-container\">\n\t\t\t<h4 class=\"litho-heading elementor-size-default\"><span class=\"litho-primary-title\">\nAsesoramiento<\/span><\/h4>\t\t<\/div>\n\t\t\t\t<\/div>\n\t\t\t\t<div class=\"elementor-element elementor-element-9f2b9a5 elementor-widget__width-initial elementor-widget-mobile__width-initial elementor-widget-tablet__width-initial elementor-widget elementor-widget-text-editor\" data-id=\"9f2b9a5\" data-element_type=\"widget\" data-widget_type=\"text-editor.default\">\n\t\t\t\t<div class=\"elementor-widget-container\">\n\t\t\t\t\t\t\t<p><span style=\"color: var( --e-global-color-text ); font-family: var( --e-global-typography-text-font-family ), Sans-serif; font-weight: var( --e-global-typography-text-font-weight );\">Servicio de asesoramiento en selecci\u00f3n y operaci\u00f3n de equipos acorde al sector y tipolog\u00eda el cliente; Industria, Hosteler\u00eda, Riego con agua regenerada, Embarcaciones y Clientes particulares, consiguiendo las soluciones m\u00e1s eficientes y rentables para cada caso<\/span>.<\/p>\t\t\t\t\t\t<\/div>\n\t\t\t\t<\/div>\n\t\t\t\t\t<\/div>\n\t\t<\/div>\n\t\t\t\t\t\t\t<\/div>\n\t\t<\/section>\n\t\t\t\t<section class=\"elementor-section elementor-top-section elementor-element elementor-element-4a2694a elementor-section-content-middle elementor-hidden-mobile elementor-section-boxed elementor-section-height-default elementor-section-height-default\" data-id=\"4a2694a\" data-element_type=\"section\" data-settings=\"{&quot;background_background&quot;:&quot;classic&quot;}\">\n\t\t\t\t\t\t<div class=\"elementor-container elementor-column-gap-default\">\n\t\t\t\t\t<div class=\" elementor-column elementor-col-33 elementor-top-column elementor-element elementor-element-ef1c8ac elementor-invisible\" data-fullscreen-column-settings=\"{&quot;fullscreen&quot;:&quot;&quot;}\" data-id=\"ef1c8ac\" data-element_type=\"column\" data-settings=\"{&quot;animation&quot;:&quot;fadeInLeft&quot;,&quot;animation_delay&quot;:600}\">\n\t\t\t<div class=\"elementor-widget-wrap elementor-element-populated\">\n\t\t\t\t\t\t\t\t<div class=\"elementor-element elementor-element-6722bd8 elementor-widget__width-initial elementor-widget-tablet__width-inherit elementor-widget elementor-widget-litho-heading\" data-id=\"6722bd8\" data-element_type=\"widget\" data-widget_type=\"litho-heading.default\">\n\t\t\t\t<div class=\"elementor-widget-container\">\n\t\t\t<span class=\"litho-heading elementor-size-default\"><span class=\"litho-primary-title\">magic<\/span><\/span>\t\t<\/div>\n\t\t\t\t<\/div>\n\t\t\t\t\t<\/div>\n\t\t<\/div>\n\t\t\t\t<div class=\" elementor-column elementor-col-33 elementor-top-column elementor-element elementor-element-43afc99 elementor-invisible\" data-fullscreen-column-settings=\"{&quot;fullscreen&quot;:&quot;&quot;}\" data-id=\"43afc99\" data-element_type=\"column\" data-settings=\"{&quot;animation&quot;:&quot;fadeIn&quot;,&quot;animation_delay&quot;:200}\">\n\t\t\t<div class=\"elementor-widget-wrap elementor-element-populated\">\n\t\t\t\t\t\t\t\t<div class=\"elementor-element elementor-element-f81b05b elementor-widget elementor-widget-litho-heading\" data-id=\"f81b05b\" data-element_type=\"widget\" data-widget_type=\"litho-heading.default\">\n\t\t\t\t<div class=\"elementor-widget-container\">\n\t\t\t<h4 class=\"litho-heading elementor-size-default\"><span class=\"litho-primary-title\">Desde 1977 cuidando de ti.<\/span><\/h4>\t\t<\/div>\n\t\t\t\t<\/div>\n\t\t\t\t\t<\/div>\n\t\t<\/div>\n\t\t\t\t<div class=\" elementor-column elementor-col-33 elementor-top-column elementor-element elementor-element-de79dac elementor-invisible\" data-fullscreen-column-settings=\"{&quot;fullscreen&quot;:&quot;&quot;}\" data-id=\"de79dac\" data-element_type=\"column\" data-settings=\"{&quot;animation&quot;:&quot;fadeIn&quot;,&quot;animation_delay&quot;:400}\">\n\t\t\t<div class=\"elementor-widget-wrap elementor-element-populated\">\n\t\t\t\t\t\t\t\t<div class=\"elementor-element elementor-element-47e102c elementor-align-center elementor-widget elementor-widget-litho-button\" data-id=\"47e102c\" data-element_type=\"widget\" data-widget_type=\"litho-button.default\">\n\t\t\t\t<div class=\"elementor-widget-container\">\n\t\t\t\t\t\t\t<div class=\"elementor-button-wrapper litho-button-wrapper\">\n\t\t\t\t\t<a class=\"elementor-button-link elementor-button elementor-size-md hvr-float-3px \" href=\"https:\/\/magic.es\/index.php\/contacto\/\" role=\"button\">\n\t\t\t\t\t\t\t\t\t<span class=\"elementor-button-content-wrapper\">\n\t\t\t\t\t\t\t\t\t\t\t\t\t<span class=\"elementor-button-text\">EMPIEZA TU PROJECTO<\/span>\n\t\t\t\t\t\t\t<\/span>\n\t\t\t\t\t\t\t\t<\/a>\n\t\t\t\t<\/div>\n\t\t\t\t\t<\/div>\n\t\t\t\t<\/div>\n\t\t\t\t\t<\/div>\n\t\t<\/div>\n\t\t\t\t\t\t\t<\/div>\n\t\t<\/section>\n\t\t\t\t\t\t\t<\/div>\n\t\t","protected":false},"excerpt":{"rendered":"<p>SABER M\u00c1S DESALADORAS DE AGUA SALOBRE Los equipos Magic se dise\u00f1an para tratar, mediante el proceso de \u00f3smosis inversa, aguas de diferentes caracter\u00edsticas y de hasta 15.000ppm de s\u00f3lidos disueltos totales (22.000\u03bcs). Asesoramiento Servicio de asesoramiento en selecci\u00f3n y operaci\u00f3n de equipos acorde al sector y tipolog\u00eda el cliente; Industria, Hosteler\u00eda, Riego con agua regenerada, [&hellip;]<\/p>\n","protected":false},"author":1,"featured_media":0,"parent":0,"menu_order":94,"comment_status":"closed","ping_status":"closed","template":"","meta":{"_mi_skip_tracking":false,"_monsterinsights_sitenote_active":false,"_monsterinsights_sitenote_note":"","_monsterinsights_sitenote_category":0,"footnotes":""},"class_list":["post-76820","page","type-page","status-publish","hentry"],"yoast_head":"<!-- This site is optimized with the Yoast SEO plugin v21.3 - https:\/\/yoast.com\/wordpress\/plugins\/seo\/ -->\n<title>Magic | Contigo desde 1977<\/title>\n<meta name=\"robots\" content=\"noindex, follow, max-snippet:-1, max-image-preview:large, max-video-preview:-1\" \/>\n<meta property=\"og:locale\" content=\"es_ES\" \/>\n<meta property=\"og:type\" content=\"article\" \/>\n<meta property=\"og:title\" content=\"Magic | Contigo desde 1977\" \/>\n<meta property=\"og:description\" content=\"SABER M\u00c1S DESALADORAS DE AGUA SALOBRE Los equipos Magic se dise\u00f1an para tratar, mediante el proceso de \u00f3smosis inversa, aguas de diferentes caracter\u00edsticas y de hasta 15.000ppm de s\u00f3lidos disueltos totales (22.000\u03bcs). Asesoramiento Servicio de asesoramiento en selecci\u00f3n y operaci\u00f3n de equipos acorde al sector y tipolog\u00eda el cliente; Industria, Hosteler\u00eda, Riego con agua regenerada, [&hellip;]\" \/>\n<meta property=\"og:url\" content=\"https:\/\/magic.es\/index.php\/tratamiento-de-aguas__trashed\/asesoramiento\/\" \/>\n<meta property=\"og:site_name\" content=\"Magic\" \/>\n<meta property=\"article:modified_time\" content=\"2022-11-28T11:30:38+00:00\" \/>\n<meta property=\"og:image\" content=\"https:\/\/magic.es\/wp-content\/uploads\/2022\/11\/AdobeStock_301595946-1.jpeg\" \/>\n<meta name=\"twitter:card\" content=\"summary_large_image\" \/>\n<meta name=\"twitter:label1\" content=\"Tiempo de lectura\" \/>\n\t<meta name=\"twitter:data1\" content=\"1 minuto\" \/>\n<script type=\"application\/ld+json\" class=\"yoast-schema-graph\">{\"@context\":\"https:\/\/schema.org\",\"@graph\":[{\"@type\":\"WebPage\",\"@id\":\"https:\/\/magic.es\/index.php\/tratamiento-de-aguas__trashed\/asesoramiento\/\",\"url\":\"https:\/\/magic.es\/index.php\/tratamiento-de-aguas__trashed\/asesoramiento\/\",\"name\":\"Magic | Contigo desde 1977\",\"isPartOf\":{\"@id\":\"https:\/\/magic.es\/#website\"},\"datePublished\":\"2022-10-17T06:51:20+00:00\",\"dateModified\":\"2022-11-28T11:30:38+00:00\",\"breadcrumb\":{\"@id\":\"https:\/\/magic.es\/index.php\/tratamiento-de-aguas__trashed\/asesoramiento\/#breadcrumb\"},\"inLanguage\":\"es\",\"potentialAction\":[{\"@type\":\"ReadAction\",\"target\":[\"https:\/\/magic.es\/index.php\/tratamiento-de-aguas__trashed\/asesoramiento\/\"]}]},{\"@type\":\"BreadcrumbList\",\"@id\":\"https:\/\/magic.es\/index.php\/tratamiento-de-aguas__trashed\/asesoramiento\/#breadcrumb\",\"itemListElement\":[{\"@type\":\"ListItem\",\"position\":1,\"name\":\"Inicio\",\"item\":\"https:\/\/magic.es\/\"},{\"@type\":\"ListItem\",\"position\":2,\"name\":\"Asesoramiento\"}]},{\"@type\":\"WebSite\",\"@id\":\"https:\/\/magic.es\/#website\",\"url\":\"https:\/\/magic.es\/\",\"name\":\"Magic\",\"description\":\"Contigo desde 1977\",\"publisher\":{\"@id\":\"https:\/\/magic.es\/#organization\"},\"potentialAction\":[{\"@type\":\"SearchAction\",\"target\":{\"@type\":\"EntryPoint\",\"urlTemplate\":\"https:\/\/magic.es\/?s={search_term_string}\"},\"query-input\":\"required name=search_term_string\"}],\"inLanguage\":\"es\"},{\"@type\":\"Organization\",\"@id\":\"https:\/\/magic.es\/#organization\",\"name\":\"Magic Boats S.L.\",\"url\":\"https:\/\/magic.es\/\",\"logo\":{\"@type\":\"ImageObject\",\"inLanguage\":\"es\",\"@id\":\"https:\/\/magic.es\/#\/schema\/logo\/image\/\",\"url\":\"https:\/\/magic.es\/wp-content\/uploads\/2021\/01\/LogoMagicCuadrado_Negro.webp\",\"contentUrl\":\"https:\/\/magic.es\/wp-content\/uploads\/2021\/01\/LogoMagicCuadrado_Negro.webp\",\"width\":80,\"height\":75,\"caption\":\"Magic Boats S.L.\"},\"image\":{\"@id\":\"https:\/\/magic.es\/#\/schema\/logo\/image\/\"}}]}<\/script>\n<!-- \/ Yoast SEO plugin. -->","yoast_head_json":{"title":"Magic | Contigo desde 1977","robots":{"index":"noindex","follow":"follow","max-snippet":"max-snippet:-1","max-image-preview":"max-image-preview:large","max-video-preview":"max-video-preview:-1"},"og_locale":"es_ES","og_type":"article","og_title":"Magic | Contigo desde 1977","og_description":"SABER M\u00c1S DESALADORAS DE AGUA SALOBRE Los equipos Magic se dise\u00f1an para tratar, mediante el proceso de \u00f3smosis inversa, aguas de diferentes caracter\u00edsticas y de hasta 15.000ppm de s\u00f3lidos disueltos totales (22.000\u03bcs). Asesoramiento Servicio de asesoramiento en selecci\u00f3n y operaci\u00f3n de equipos acorde al sector y tipolog\u00eda el cliente; Industria, Hosteler\u00eda, Riego con agua regenerada, [&hellip;]","og_url":"https:\/\/magic.es\/index.php\/tratamiento-de-aguas__trashed\/asesoramiento\/","og_site_name":"Magic","article_modified_time":"2022-11-28T11:30:38+00:00","og_image":[{"url":"https:\/\/magic.es\/wp-content\/uploads\/2022\/11\/AdobeStock_301595946-1.jpeg"}],"twitter_card":"summary_large_image","twitter_misc":{"Tiempo de lectura":"1 minuto"},"schema":{"@context":"https:\/\/schema.org","@graph":[{"@type":"WebPage","@id":"https:\/\/magic.es\/index.php\/tratamiento-de-aguas__trashed\/asesoramiento\/","url":"https:\/\/magic.es\/index.php\/tratamiento-de-aguas__trashed\/asesoramiento\/","name":"Magic | Contigo desde 1977","isPartOf":{"@id":"https:\/\/magic.es\/#website"},"datePublished":"2022-10-17T06:51:20+00:00","dateModified":"2022-11-28T11:30:38+00:00","breadcrumb":{"@id":"https:\/\/magic.es\/index.php\/tratamiento-de-aguas__trashed\/asesoramiento\/#breadcrumb"},"inLanguage":"es","potentialAction":[{"@type":"ReadAction","target":["https:\/\/magic.es\/index.php\/tratamiento-de-aguas__trashed\/asesoramiento\/"]}]},{"@type":"BreadcrumbList","@id":"https:\/\/magic.es\/index.php\/tratamiento-de-aguas__trashed\/asesoramiento\/#breadcrumb","itemListElement":[{"@type":"ListItem","position":1,"name":"Inicio","item":"https:\/\/magic.es\/"},{"@type":"ListItem","position":2,"name":"Asesoramiento"}]},{"@type":"WebSite","@id":"https:\/\/magic.es\/#website","url":"https:\/\/magic.es\/","name":"Magic","description":"Contigo desde 1977","publisher":{"@id":"https:\/\/magic.es\/#organization"},"potentialAction":[{"@type":"SearchAction","target":{"@type":"EntryPoint","urlTemplate":"https:\/\/magic.es\/?s={search_term_string}"},"query-input":"required name=search_term_string"}],"inLanguage":"es"},{"@type":"Organization","@id":"https:\/\/magic.es\/#organization","name":"Magic Boats S.L.","url":"https:\/\/magic.es\/","logo":{"@type":"ImageObject","inLanguage":"es","@id":"https:\/\/magic.es\/#\/schema\/logo\/image\/","url":"https:\/\/magic.es\/wp-content\/uploads\/2021\/01\/LogoMagicCuadrado_Negro.webp","contentUrl":"https:\/\/magic.es\/wp-content\/uploads\/2021\/01\/LogoMagicCuadrado_Negro.webp","width":80,"height":75,"caption":"Magic Boats S.L."},"image":{"@id":"https:\/\/magic.es\/#\/schema\/logo\/image\/"}}]}},"_links":{"self":[{"href":"https:\/\/magic.es\/index.php\/wp-json\/wp\/v2\/pages\/76820","targetHints":{"allow":["GET"]}}],"collection":[{"href":"https:\/\/magic.es\/index.php\/wp-json\/wp\/v2\/pages"}],"about":[{"href":"https:\/\/magic.es\/index.php\/wp-json\/wp\/v2\/types\/page"}],"author":[{"embeddable":true,"href":"https:\/\/magic.es\/index.php\/wp-json\/wp\/v2\/users\/1"}],"replies":[{"embeddable":true,"href":"https:\/\/magic.es\/index.php\/wp-json\/wp\/v2\/comments?post=76820"}],"version-history":[{"count":28,"href":"https:\/\/magic.es\/index.php\/wp-json\/wp\/v2\/pages\/76820\/revisions"}],"predecessor-version":[{"id":77346,"href":"https:\/\/magic.es\/index.php\/wp-json\/wp\/v2\/pages\/76820\/revisions\/77346"}],"wp:attachment":[{"href":"https:\/\/magic.es\/index.php\/wp-json\/wp\/v2\/media?parent=76820"}],"curies":[{"name":"wp","href":"https:\/\/api.w.org\/{rel}","templated":true}]}}